{"id":368268,"date":"2022-12-13T12:51:06","date_gmt":"2022-12-13T11:51:06","guid":{"rendered":"https:\/\/www.sanicool.be\/?page_id=368268"},"modified":"2022-12-13T13:57:11","modified_gmt":"2022-12-13T12:57:11","slug":"structure-hammam","status":"publish","type":"page","link":"https:\/\/www.sanilux.be\/test%2001\/?page_id=368268","title":{"rendered":"Structure Hammam"},"content":{"rendered":"\n<p><\/p>\n\n\n\n<figure class=\"wp-block-image size-full\"><img loading=\"lazy\" decoding=\"async\" width=\"639\" height=\"441\" src=\"https:\/\/www.sanilux.be\/test%2001\/wp-content\/uploads\/2022\/12\/Structure-Hammam.jpg\" alt=\"\" class=\"wp-image-368279\" srcset=\"https:\/\/www.sanilux.be\/test%2001\/wp-content\/uploads\/2022\/12\/Structure-Hammam.jpg 639w, https:\/\/www.sanilux.be\/test%2001\/wp-content\/uploads\/2022\/12\/Structure-Hammam-480x331.jpg 480w\" sizes=\"auto, (min-width: 0px) and (max-width: 480px) 480px, (min-width: 481px) 639px, 100vw\" \/><\/figure>\n\n\n\n<p><a href=\"javascript:void(0)\"><\/a><a href=\"https:\/\/www.sanilux.be\/test%2001\/fr\/11-hammam\">Hammam<\/a><\/p>\n\n\n\n<p>Structure Hammam<\/p>\n\n\n\n<p><a href=\"https:\/\/www.sanilux.be\/test%2001\/fr\/hammam\/51-structure-hammam.html#description\">Description<\/a><\/p>\n\n\n\n<p>Une structure Hammam ISOBOSS made in belgium &nbsp;pr\u00e9fabriqu\u00e9es en usine est une structure rectangulaire ou carr\u00e9.<\/p>\n\n\n\n<p>Elle est hyper isol\u00e9e, \u00e9tanche et s&rsquo;adapte \u00e0 toutes les dimensions de pi\u00e8ces. Id\u00e9al pour cr\u00e9er son espace de d\u00e9tente ou pour am\u00e9nager une pi\u00e8ce existante.<\/p>\n\n\n\n<p>La structure et l&rsquo;isolation sont des facteurs d\u00e9terminants pour votre consommation \u00e9nerg\u00e9tique et&nbsp;votre confort. En effet, une bonne isolation limitera l&rsquo;utilisation du g\u00e9n\u00e9rateur et donc le co\u00fbt&nbsp;\u00e9nerg\u00e9tique de votre hammam.<\/p>\n\n\n\n<p>Pr\u00eate \u00e0 carreler, la structure est fabriqu\u00e9e \u00e0 partir de panneaux ISOBOSS\u00ae facilement fa\u00e7onnables. Un mat\u00e9riau non polluant, r\u00e9sistant \u00e0 l&rsquo;humidit\u00e9.<\/p>\n\n\n\n<p>Ces panneaux sont l\u00e9gers et facile \u00e0 travailler. Ils sont compos\u00e9s d&rsquo;une mousse dure en polystyr\u00e8ne extrud\u00e9 recouvert d&rsquo;un mortier sp\u00e9cial et renforc\u00e9 d&rsquo;une armature en fibres de verre, d&rsquo;une \u00e9paisseur totale de 8 cm.<\/p>\n\n\n\n<p><strong>Cette structure est constitu\u00e9e d&rsquo;un&nbsp; G\u00e9n\u00e9rateur de vapeur THERMASOL Pro S\u00e9ries&nbsp; , d\u00f4me, cloisons murales en kit, banquette BA 05, porte universel en verre, vis de fixation, colle pour fixer les parois et les spots \u00e9tanches&#8230;<\/strong><\/p>\n\n\n\n<p><strong>HAMMAM SUR MESURE SELON VOTRE CHOIX :<\/strong><\/p>\n\n\n\n<p>Forme rectangulaire ou&nbsp; carr\u00e9, sur mesure, Avec ou sans chauffage. merci de signaler vos pr\u00e9f\u00e9rences pour un devis&nbsp;personnalis\u00e9.<\/p>\n\n\n\n<p><strong>NOS MODELES DE BASE<\/strong><\/p>\n\n\n\n<figure class=\"wp-block-image size-full\"><img loading=\"lazy\" decoding=\"async\" width=\"480\" height=\"926\" src=\"https:\/\/www.sanilux.be\/test%2001\/wp-content\/uploads\/2022\/12\/Structure-Hammam-sur-mesure-.jpg\" alt=\"\" class=\"wp-image-368278\" srcset=\"https:\/\/www.sanilux.be\/test%2001\/wp-content\/uploads\/2022\/12\/Structure-Hammam-sur-mesure-.jpg 480w, https:\/\/www.sanilux.be\/test%2001\/wp-content\/uploads\/2022\/12\/Structure-Hammam-sur-mesure--156x300.jpg 156w\" sizes=\"auto, (max-width: 480px) 100vw, 480px\" \/><\/figure>\n\n\n\n<p><\/p>\n\n\n\n<p>&nbsp;&nbsp;<strong>LISTE DE PRIX<\/strong><\/p>\n\n\n\n<figure class=\"wp-block-table\"><table><tbody><tr><td>Type<\/td><td>Dimensions L x L x H:mm<\/td><td>Nbre de place<\/td><td>Prix Normal<\/td><td><strong>Prix Promo<\/strong><\/td><\/tr><tr><td><strong>HA01<\/strong><\/td><td>1500x1500x2300<\/td><td>4 &#8211; 5<\/td><td><s>5700 \u20ac<\/s><\/td><td><strong>5200&nbsp;\u20ac<\/strong><\/td><\/tr><tr><td><strong>HA01<\/strong><\/td><td>1800x1800x2300<\/td><td>5 &#8211; 7<\/td><td><s>6300 \u20ac<\/s><\/td><td><strong>5800&nbsp;\u20ac<\/strong><\/td><\/tr><tr><td><strong>HA01<\/strong><\/td><td>2100x2100x2300<\/td><td>7 &#8211; 9<\/td><td><s>7100 \u20ac<\/s><\/td><td><strong>6400&nbsp;\u20ac<\/strong><\/td><\/tr><tr><td><strong>HA01<\/strong><\/td><td>2400x2400x2300<\/td><td>&nbsp; 9 &#8211; 11<\/td><td><s>7700 \u20ac<\/s><\/td><td><strong>7200&nbsp;\u20ac<\/strong><\/td><\/tr><tr><td><strong>HA01<\/strong><\/td><td>2700x2700x2300<\/td><td>11 &#8211; 13<\/td><td>8400 \u20ac<\/td><td>&nbsp;<\/td><\/tr><tr><td><strong>HA01<\/strong><\/td><td>3000x3000x2300<\/td><td>12 &#8211; 14<\/td><td>9300 \u20ac<\/td><td>&nbsp;<\/td><\/tr><tr><td><strong>HA01<\/strong><\/td><td>3500x3500x2300<\/td><td>14 &#8211; 16<\/td><td>10600 \u20ac<\/td><td>&nbsp;<\/td><\/tr><tr><td><strong>HA01<\/strong><\/td><td>4000x4000x2300<\/td><td>16 &#8211; 18<\/td><td><s>12300 \u20ac<\/s><\/td><td><strong>11800&nbsp;\u20ac<\/strong><\/td><\/tr><tr><td><strong>HA01<\/strong><\/td><td>4500x4500x2300<\/td><td>18 &#8211; 20<\/td><td>14000 \u20ac<\/td><td>&nbsp;<\/td><\/tr><\/tbody><\/table><\/figure>\n\n\n\n<figure class=\"wp-block-table\"><table><tbody><tr><td>Type<\/td><td>Dimensions L x L x H:mm<\/td><td>Nbre de place<\/td><td>Prix Promo<\/td><td><strong>Prix Promo<\/strong><\/td><\/tr><tr><td><strong>HA02<\/strong><\/td><td>2000x1500x2300<\/td><td>5 &#8211; 6<\/td><td><s>7000&nbsp;\u20ac<\/s><\/td><td><strong>6500&nbsp;\u20ac<\/strong><\/td><\/tr><tr><td><strong>HA02<\/strong><\/td><td>2000x1800x2300<\/td><td>6 &#8211; 8<\/td><td><s>6400&nbsp;\u20ac<\/s><\/td><td><strong>5900&nbsp;\u20ac<\/strong><\/td><\/tr><tr><td><strong>HA02<\/strong><\/td><td>2300x2000x2300<\/td><td>8 &#8211; 10<\/td><td><s>7100&nbsp;\u20ac<\/s><\/td><td><strong>6700&nbsp;\u20ac<\/strong><\/td><\/tr><tr><td><strong>HA02<\/strong><\/td><td>2500x2700x2300<\/td><td>10 &#8211; 12<\/td><td><s>8000&nbsp;\u20ac<\/s><\/td><td><strong>7500&nbsp;\u20ac<\/strong><\/td><\/tr><tr><td><strong>HA02<\/strong><\/td><td>2700x3000x2300<\/td><td>12 &#8211; 14<\/td><td>8400&nbsp;\u20ac<\/td><td>&nbsp;<\/td><\/tr><tr><td><strong>HA02<\/strong><\/td><td>3000x3500x2300<\/td><td>13 &#8211; 15<\/td><td>9600 \u20ac<\/td><td>&nbsp;<\/td><\/tr><tr><td><strong>HA02<\/strong><\/td><td>3500x3950x2300<\/td><td>15 &#8211; 17<\/td><td>10900 \u20ac<\/td><td>&nbsp;<\/td><\/tr><tr><td><strong>HA02<\/strong><\/td><td>3950x4300x2300<\/td><td>17 &#8211; 19<\/td><td><s>12600 \u20ac<\/s><\/td><td><strong>12100&nbsp;\u20ac<\/strong><\/td><\/tr><tr><td><strong>HA02<\/strong><\/td><td>4300x4500x2300<\/td><td>19 &#8211; 21<\/td><td>14300 \u20ac<\/td><td>&nbsp;<\/td><\/tr><\/tbody><\/table><\/figure>\n\n\n\n<figure class=\"wp-block-table\"><table><tbody><tr><td>Type<\/td><td>Dimensions L x L x H:mm<\/td><td>Nbre de place<\/td><td>Prix Promo<\/td><td><strong>Prix Promo<\/strong><\/td><\/tr><tr><td><strong>HA03<\/strong><\/td><td>2000x1500x2300<\/td><td>6 &#8211; 7<\/td><td><s>7300&nbsp;\u20ac<\/s><\/td><td><strong>6800&nbsp;\u20ac<\/strong><\/td><\/tr><tr><td><strong>HA03<\/strong><\/td><td>2000x1800x2300<\/td><td>7 &#8211; 9<\/td><td><s>6700&nbsp;\u20ac<\/s><\/td><td><strong>6200&nbsp;\u20ac<\/strong><\/td><\/tr><tr><td><strong>HA03<\/strong><\/td><td>2300x2000x2300<\/td><td>9 -11<\/td><td><s>7400&nbsp;\u20ac<\/s><\/td><td><strong>7000&nbsp;\u20ac<\/strong><\/td><\/tr><tr><td><strong>HA03<\/strong><\/td><td>2500x2700x2300<\/td><td>11 &#8211; 13<\/td><td><s>8400&nbsp;\u20ac<\/s><\/td><td><strong>7800&nbsp;\u20ac<\/strong><\/td><\/tr><tr><td><strong>HA03<\/strong><\/td><td>2700x3000x2300<\/td><td>13 &#8211; 15<\/td><td>8800&nbsp;\u20ac<\/td><td>&nbsp;<\/td><\/tr><tr><td><strong>HA03<\/strong><\/td><td>3000x3500x2300<\/td><td>14 &#8211; 16<\/td><td>9900 \u20ac<\/td><td>&nbsp;<\/td><\/tr><tr><td><strong>HA03<\/strong><\/td><td>3500x3950x2300<\/td><td>16 &#8211; 18<\/td><td>11300 \u20ac&nbsp;<\/td><td>&nbsp;<\/td><\/tr><tr><td><strong>HA03<\/strong><\/td><td>3950x4300x2300<\/td><td>18 &#8211; 20<\/td><td><s>12900 \u20ac&nbsp;<\/s><\/td><td><strong>12400&nbsp;\u20ac<\/strong><\/td><\/tr><tr><td><strong>HA03<\/strong><\/td><td>4300x4500x2300<\/td><td>20 &#8211; 21<\/td><td>14600 \u20ac&nbsp;&nbsp;<\/td><td>&nbsp;<\/td><\/tr><\/tbody><\/table><\/figure>\n\n\n\n<div class=\"wp-block-group is-layout-constrained wp-block-group-is-layout-constrained\">\n<figure class=\"wp-block-table\"><table><tbody><tr><td>Type<\/td><td>Dimensions L x L x H:mm<\/td><td>Nbre de place<\/td><td>Prix Promo<\/td><td><strong>Prix Promo<\/strong><\/td><\/tr><tr><td><strong>HA04<\/strong><\/td><td>2000x1500x2300<\/td><td>4 &#8211; 5<\/td><td><s>6300&nbsp;\u20ac<\/s><\/td><td><strong>5800&nbsp;\u20ac<\/strong><\/td><\/tr><tr><td><strong>HA04<\/strong><\/td><td>2000x1800x2300<\/td><td>5 &#8211; 5<\/td><td><s>5700&nbsp;\u20ac<\/s><\/td><td><strong>5200&nbsp;\u20ac<\/strong><\/td><\/tr><tr><td><strong>HA04<\/strong><\/td><td>2300x2000x2300<\/td><td>5 &#8211; 6<\/td><td><s>6500&nbsp;\u20ac<\/s><\/td><td><strong>6000&nbsp;\u20ac<\/strong><\/td><\/tr><tr><td><strong>HA04<\/strong><\/td><td>2500x2700x2300<\/td><td>5 &#8211; 6<\/td><td><s>7300&nbsp;\u20ac<\/s><\/td><td><strong>6800&nbsp;\u20ac<\/strong><\/td><\/tr><tr><td><strong>HA04<\/strong><\/td><td>2700x3000x2300<\/td><td>6 &#8211; 7<\/td><td>8400&nbsp;\u20ac<\/td><td><\/td><\/tr><tr><td><strong>HA04<\/strong><\/td><td>3000x3500x2300<\/td><td>7 &#8211; 8<\/td><td>9600 \u20ac<\/td><td><\/td><\/tr><tr><td><strong>HA04<\/strong><\/td><td>3500x3950x2300<\/td><td>8 &#8211; 9<\/td><td>10900 \u20ac<\/td><td><\/td><\/tr><tr><td><strong>HA04<\/strong><\/td><td>3950x4300x2300<\/td><td>9 &#8211; 10<\/td><td><s>11900 \u20ac<\/s><\/td><td><strong>11400&nbsp;\u20ac<\/strong><\/td><\/tr><tr><td><strong>HA04<\/strong><\/td><td>4300x4500x2300<\/td><td>10 &#8211; 11<\/td><td>13300 \u20ac<\/td><td><\/td><\/tr><\/tbody><\/table><\/figure>\n<\/div>\n\n\n\n<p><\/p>\n","protected":false},"excerpt":{"rendered":"<p>Hammam Structure Hammam Description Une structure Hammam ISOBOSS made in belgium &nbsp;pr\u00e9fabriqu\u00e9es en usine est une structure rectangulaire ou carr\u00e9. Elle est hyper isol\u00e9e, \u00e9tanche et s&rsquo;adapte \u00e0 toutes les dimensions de pi\u00e8ces. Id\u00e9al pour cr\u00e9er son espace de d\u00e9tente ou pour am\u00e9nager une pi\u00e8ce existante. La structure et l&rsquo;isolation sont des facteurs d\u00e9terminants pour [&hellip;]<\/p>\n","protected":false},"author":1,"featured_media":0,"parent":0,"menu_order":0,"comment_status":"closed","ping_status":"closed","template":"","meta":{"_et_pb_use_builder":"off","_et_pb_old_content":"","_et_gb_content_width":"","footnotes":""},"class_list":["post-368268","page","type-page","status-publish","hentry"],"_links":{"self":[{"href":"https:\/\/www.sanilux.be\/test%2001\/index.php?rest_route=\/wp\/v2\/pages\/368268","targetHints":{"allow":["GET"]}}],"collection":[{"href":"https:\/\/www.sanilux.be\/test%2001\/index.php?rest_route=\/wp\/v2\/pages"}],"about":[{"href":"https:\/\/www.sanilux.be\/test%2001\/index.php?rest_route=\/wp\/v2\/types\/page"}],"author":[{"embeddable":true,"href":"https:\/\/www.sanilux.be\/test%2001\/index.php?rest_route=\/wp\/v2\/users\/1"}],"replies":[{"embeddable":true,"href":"https:\/\/www.sanilux.be\/test%2001\/index.php?rest_route=%2Fwp%2Fv2%2Fcomments&post=368268"}],"version-history":[{"count":5,"href":"https:\/\/www.sanilux.be\/test%2001\/index.php?rest_route=\/wp\/v2\/pages\/368268\/revisions"}],"predecessor-version":[{"id":368281,"href":"https:\/\/www.sanilux.be\/test%2001\/index.php?rest_route=\/wp\/v2\/pages\/368268\/revisions\/368281"}],"wp:attachment":[{"href":"https:\/\/www.sanilux.be\/test%2001\/index.php?rest_route=%2Fwp%2Fv2%2Fmedia&parent=368268"}],"curies":[{"name":"wp","href":"https:\/\/api.w.org\/{rel}","templated":true}]}}