{"id":368306,"date":"2022-12-13T21:09:41","date_gmt":"2022-12-13T20:09:41","guid":{"rendered":"https:\/\/www.sanicool.be\/?page_id=368306"},"modified":"2022-12-13T21:13:57","modified_gmt":"2022-12-13T20:13:57","slug":"spa-sur-mesure-2","status":"publish","type":"page","link":"https:\/\/www.sanilux.be\/test%2001\/?page_id=368306","title":{"rendered":"Spa sur mesure"},"content":{"rendered":"\n[et_pb_section][et_pb_row][et_pb_column type=\u00a0\u00bb4_4&Prime;][et_pb_text]<!-- divi:paragraph {\"textColor\":\"vivid-cyan-blue\"} -->\n<p class=\"has-vivid-cyan-blue-color has-text-color\"><strong>SPAS &nbsp;A CARRELER EN MOSAIQUE&nbsp; SUR MESURE EN VERSION PRIVEE OU PRO<\/strong><\/p>\n<!-- \/divi:paragraph -->\n\n<!-- divi:paragraph -->\n<p>Chez SANICOOL nous fabriquons tous nos Spas sur mesure &nbsp;et vous donnons la possibilit\u00e9 de les personnaliser selon vos propres envies avec un large \u00e9ventail d&rsquo;option<\/p>\n<!-- \/divi:paragraph -->\n\n<!-- divi:paragraph -->\n<p>Nous offrons une large quantit\u00e9 de formes, de tailles &nbsp;et des mod\u00e8les les plus luxueux pour les particuliers et les professionnels<\/p>\n<!-- \/divi:paragraph -->\n\n<!-- divi:paragraph -->\n<p>Une section nouvellement ouverte avec des mod\u00e8les \u00e9conomiques o\u00f9 nous nous orientons surtout vers la simplicit\u00e9 des lignes avec une technologie de pointe dans la plus haute qualit\u00e9 et au prix le plus bas possible.<\/p>\n<!-- \/divi:paragraph -->\n\n<!-- divi:paragraph -->\n<p>Construction de spa haut de gamme&nbsp;en b\u00e9ton arm\u00e9 monobloc avec filtration de qualit\u00e9&nbsp;et pompe \u00e0 chaleur&nbsp;pour un chauffage de l \u2018eau rapide<\/p>\n<!-- \/divi:paragraph -->\n\n<!-- divi:paragraph -->\n<p>Circuit hydro massage&nbsp;de haute qualit\u00e9 avec buses de massage Venturi, jets rotatifs&nbsp; et fond,&nbsp;Blowers&nbsp;4CV,2 boutons de commande pneumatique encastr\u00e9e, vannes de r\u00e9gulation d\u2019air.<\/p>\n<!-- \/divi:paragraph -->\n\n<!-- divi:paragraph {\"textColor\":\"vivid-cyan-blue\"} -->\n<p class=\"has-vivid-cyan-blue-color has-text-color\"><strong>Vous pouvez choisir<\/strong><\/p>\n<!-- \/divi:paragraph -->\n\n<!-- divi:list -->\n<ul><!-- divi:list-item -->\n<li>Spa avec ou sans d\u00e9bordement<\/li>\n<!-- \/divi:list-item -->\n\n<!-- divi:list-item -->\n<li>Les dimensions de votre spa<\/li>\n<!-- \/divi:list-item -->\n\n<!-- divi:list-item -->\n<li>L\u2019\u00e9quipement de votre spa<\/li>\n<!-- \/divi:list-item -->\n\n<!-- divi:list-item -->\n<li>La mosa\u00efque de votre spa<\/li>\n<!-- \/divi:list-item -->\n\n<!-- divi:list-item -->\n<li>La forme de votre spa<\/li>\n<!-- \/divi:list-item --><\/ul>\n<!-- \/divi:list -->\n\n<!-- divi:paragraph {\"textColor\":\"vivid-cyan-blue\"} -->\n<p class=\"has-vivid-cyan-blue-color has-text-color\"><strong>Garantie<\/strong><\/p>\n<!-- \/divi:paragraph -->\n\n<!-- divi:list -->\n<ul><!-- divi:list-item -->\n<li>10 ans sur le bassin en b\u00e9ton arm\u00e9<\/li>\n<!-- \/divi:list-item -->\n\n<!-- divi:list-item -->\n<li>5 ans sur la surface de la coque<\/li>\n<!-- \/divi:list-item -->\n\n<!-- divi:list-item -->\n<li>2 ans sur la carte \u00e9lectronique<\/li>\n<!-- \/divi:list-item -->\n\n<!-- divi:list-item -->\n<li>5 ans sur la plomberie et le syst\u00e8me hydraulique<\/li>\n<!-- \/divi:list-item -->\n\n<!-- divi:list-item -->\n<li>suivait conditions SANICOOL<\/li>\n<!-- \/divi:list-item --><\/ul>\n<!-- \/divi:list -->\n\n<!-- divi:paragraph {\"textColor\":\"vivid-cyan-blue\",\"fontSize\":\"small\"} -->\n<p class=\"has-vivid-cyan-blue-color has-text-color has-small-font-size\"><strong>FORMES DE NOTRE SPAS<\/strong><\/p>\n<!-- \/divi:paragraph -->\n\n<!-- divi:image {\"id\":368304,\"sizeSlug\":\"full\",\"linkDestination\":\"none\"} -->\n<figure class=\"wp-block-image size-full\"><img loading=\"lazy\" decoding=\"async\" width=\"474\" height=\"916\" src=\"https:\/\/www.sanilux.be\/test%2001\/wp-content\/uploads\/2022\/12\/mesure-1-.jpg\" alt=\"\" class=\"wp-image-368304\" srcset=\"https:\/\/www.sanilux.be\/test%2001\/wp-content\/uploads\/2022\/12\/mesure-1-.jpg 474w, https:\/\/www.sanilux.be\/test%2001\/wp-content\/uploads\/2022\/12\/mesure-1--155x300.jpg 155w\" sizes=\"auto, (max-width: 474px) 100vw, 474px\" \/><\/figure>\n<!-- \/divi:image -->\n\n<!-- divi:paragraph {\"textColor\":\"vivid-cyan-blue\"} -->\n<p class=\"has-vivid-cyan-blue-color has-text-color\"><strong>NOS MODELES JETS<\/strong><\/p>\n<!-- \/divi:paragraph -->\n\n<!-- divi:paragraph -->\n<p><strong>Notre syst\u00e8me de jets r\u00e9glable a haute d\u00e9bit offrent un massage \u00e9quilibr\u00e9 et r\u00e9confortant pour une exp\u00e9rience de spa rajeunissante et offrant les avantages sup\u00e9rieure de l&rsquo;hydroth\u00e9rapie<\/strong><\/p>\n<!-- \/divi:paragraph -->\n\n<!-- divi:list -->\n<ul><!-- divi:list-item -->\n<li><strong>Directionnel<\/strong><\/li>\n<!-- \/divi:list-item -->\n\n<!-- divi:list-item -->\n<li><strong>Roto<\/strong><\/li>\n<!-- \/divi:list-item -->\n\n<!-- divi:list-item -->\n<li><strong>Twain Roto<\/strong><\/li>\n<!-- \/divi:list-item -->\n\n<!-- divi:list-item -->\n<li><strong>Multi massage<\/strong><\/li>\n<!-- \/divi:list-item -->\n\n<!-- divi:list-item -->\n<li><strong>Pulse massage<\/strong><\/li>\n<!-- \/divi:list-item -->\n\n<!-- divi:list-item -->\n<li><strong>Rifler<\/strong><\/li>\n<!-- \/divi:list-item -->\n\n<!-- divi:list-item -->\n<li><strong>Twister plus<\/strong><\/li>\n<!-- \/divi:list-item -->\n\n<!-- divi:list-item -->\n<li><strong>Jet d&rsquo;air<\/strong><\/li>\n<!-- \/divi:list-item -->\n\n<!-- divi:list-item -->\n<li><strong>jet \u00e0 cascade<\/strong><\/li>\n<!-- \/divi:list-item -->\n\n<!-- divi:list-item -->\n<li><strong>jet rotatif unique<\/strong><\/li>\n<!-- \/divi:list-item -->\n\n<!-- divi:list-item -->\n<li><strong>jet \u00e0 grand d\u00e9bit<\/strong><\/li>\n<!-- \/divi:list-item --><\/ul>\n<!-- \/divi:list -->\n\n<!-- divi:paragraph -->\n<p><\/p>\n<!-- \/divi:paragraph -->\n\n<!-- divi:image {\"id\":368305,\"sizeSlug\":\"full\",\"linkDestination\":\"none\"} -->\n<figure class=\"wp-block-image size-full\"><img loading=\"lazy\" decoding=\"async\" width=\"537\" height=\"532\" src=\"https:\/\/www.sanilux.be\/test%2001\/wp-content\/uploads\/2022\/12\/spa-sur-mesure-.jpg\" alt=\"\" class=\"wp-image-368305\" srcset=\"https:\/\/www.sanilux.be\/test%2001\/wp-content\/uploads\/2022\/12\/spa-sur-mesure-.jpg 537w, https:\/\/www.sanilux.be\/test%2001\/wp-content\/uploads\/2022\/12\/spa-sur-mesure--480x476.jpg 480w\" sizes=\"auto, (min-width: 0px) and (max-width: 480px) 480px, (min-width: 481px) 537px, 100vw\" \/><\/figure>\n<!-- \/divi:image -->[\/et_pb_text][\/et_pb_column][\/et_pb_row][\/et_pb_section]\n","protected":false},"excerpt":{"rendered":"<p><div class=\"et_pb_section et_pb_section_0 et_section_regular\" >\n\t\t\t\t\n\t\t\t\t\n\t\t\t\t\n\t\t\t\t\n\t\t\t\t\n\t\t\t\t\n\t\t\t\t\n\t\t\t\t\n\t\t\t\t\n\t\t\t<\/div><div class=\"et_pb_row et_pb_row_0 et_pb_row_empty\">\n\t\t\t\t\n\t\t\t\t\n\t\t\t\t\n\t\t\t\t\n\t\t\t\t\n\t\t\t<\/div><div class=\"et_pb_module et_pb_text et_pb_text_0  et_pb_text_align_left et_pb_bg_layout_light\">\n\t\t\t\t\n\t\t\t\t\n\t\t\t\t\n\t\t\t\t\n\t\t\t\t\n\t\t\t<\/div> SPAS &nbsp;A CARRELER EN MOSAIQUE&nbsp; SUR MESURE EN VERSION PRIVEE OU PRO Chez SANICOOL nous fabriquons tous nos Spas sur mesure &nbsp;et vous donnons la possibilit\u00e9 de les personnaliser selon vos propres envies avec un large \u00e9ventail d&rsquo;option Nous offrons une large quantit\u00e9 de formes, de tailles &nbsp;et des mod\u00e8les les plus luxueux pour [&hellip;]<\/p>\n","protected":false},"author":1,"featured_media":0,"parent":0,"menu_order":0,"comment_status":"closed","ping_status":"closed","template":"","meta":{"_et_pb_use_builder":"on","_et_pb_old_content":"<!-- wp:paragraph {\"textColor\":\"vivid-cyan-blue\"} -->\n<p class=\"has-vivid-cyan-blue-color has-text-color\"><strong>SPAS &nbsp;A CARRELER EN MOSAIQUE&nbsp; SUR MESURE EN VERSION PRIVEE OU PRO<\/strong><\/p>\n<!-- \/wp:paragraph -->\n\n<!-- wp:paragraph -->\n<p>Chez SANICOOL nous fabriquons tous nos Spas sur mesure &nbsp;et vous donnons la possibilit\u00e9 de les personnaliser selon vos propres envies avec un large \u00e9ventail d'option<\/p>\n<!-- \/wp:paragraph -->\n\n<!-- wp:paragraph -->\n<p>Nous offrons une large quantit\u00e9 de formes, de tailles &nbsp;et des mod\u00e8les les plus luxueux pour les particuliers et les professionnels<\/p>\n<!-- \/wp:paragraph -->\n\n<!-- wp:paragraph -->\n<p>Une section nouvellement ouverte avec des mod\u00e8les \u00e9conomiques o\u00f9 nous nous orientons surtout vers la simplicit\u00e9 des lignes avec une technologie de pointe dans la plus haute qualit\u00e9 et au prix le plus bas possible.<\/p>\n<!-- \/wp:paragraph -->\n\n<!-- wp:paragraph -->\n<p>Construction de spa haut de gamme&nbsp;en b\u00e9ton arm\u00e9 monobloc avec filtration de qualit\u00e9&nbsp;et pompe \u00e0 chaleur&nbsp;pour un chauffage de l \u2018eau rapide<\/p>\n<!-- \/wp:paragraph -->\n\n<!-- wp:paragraph -->\n<p>Circuit hydro massage&nbsp;de haute qualit\u00e9 avec buses de massage Venturi, jets rotatifs&nbsp; et fond,&nbsp;Blowers&nbsp;4CV,2 boutons de commande pneumatique encastr\u00e9e, vannes de r\u00e9gulation d\u2019air.<\/p>\n<!-- \/wp:paragraph -->\n\n<!-- wp:paragraph {\"textColor\":\"vivid-cyan-blue\"} -->\n<p class=\"has-vivid-cyan-blue-color has-text-color\"><strong>Vous pouvez choisir<\/strong><\/p>\n<!-- \/wp:paragraph -->\n\n<!-- wp:list -->\n<ul><!-- wp:list-item -->\n<li>Spa avec ou sans d\u00e9bordement<\/li>\n<!-- \/wp:list-item -->\n\n<!-- wp:list-item -->\n<li>Les dimensions de votre spa<\/li>\n<!-- \/wp:list-item -->\n\n<!-- wp:list-item -->\n<li>L\u2019\u00e9quipement de votre spa<\/li>\n<!-- \/wp:list-item -->\n\n<!-- wp:list-item -->\n<li>La mosa\u00efque de votre spa<\/li>\n<!-- \/wp:list-item -->\n\n<!-- wp:list-item -->\n<li>La forme de votre spa<\/li>\n<!-- \/wp:list-item --><\/ul>\n<!-- \/wp:list -->\n\n<!-- wp:paragraph {\"textColor\":\"vivid-cyan-blue\"} -->\n<p class=\"has-vivid-cyan-blue-color has-text-color\"><strong>Garantie<\/strong><\/p>\n<!-- \/wp:paragraph -->\n\n<!-- wp:list -->\n<ul><!-- wp:list-item -->\n<li>10 ans sur le bassin en b\u00e9ton arm\u00e9<\/li>\n<!-- \/wp:list-item -->\n\n<!-- wp:list-item -->\n<li>5 ans sur la surface de la coque<\/li>\n<!-- \/wp:list-item -->\n\n<!-- wp:list-item -->\n<li>2 ans sur la carte \u00e9lectronique<\/li>\n<!-- \/wp:list-item -->\n\n<!-- wp:list-item -->\n<li>5 ans sur la plomberie et le syst\u00e8me hydraulique<\/li>\n<!-- \/wp:list-item -->\n\n<!-- wp:list-item -->\n<li>suivait conditions SANICOOL<\/li>\n<!-- \/wp:list-item --><\/ul>\n<!-- \/wp:list -->\n\n<!-- wp:paragraph {\"textColor\":\"vivid-cyan-blue\",\"fontSize\":\"small\"} -->\n<p class=\"has-vivid-cyan-blue-color has-text-color has-small-font-size\"><strong>FORMES DE NOTRE SPAS<\/strong><\/p>\n<!-- \/wp:paragraph -->\n\n<!-- wp:image {\"id\":368304,\"sizeSlug\":\"full\",\"linkDestination\":\"none\"} -->\n<figure class=\"wp-block-image size-full\"><img src=\"https:\/\/www.sanilux.be\/test%2001\/wp-content\/uploads\/2022\/12\/mesure-1-.jpg\" alt=\"\" class=\"wp-image-368304\"\/><\/figure>\n<!-- \/wp:image -->\n\n<!-- wp:paragraph {\"textColor\":\"vivid-cyan-blue\"} -->\n<p class=\"has-vivid-cyan-blue-color has-text-color\"><strong>NOS MODELES JETS<\/strong><\/p>\n<!-- \/wp:paragraph -->\n\n<!-- wp:paragraph -->\n<p><strong>Notre syst\u00e8me de jets r\u00e9glable a haute d\u00e9bit offrent un massage \u00e9quilibr\u00e9 et r\u00e9confortant pour une exp\u00e9rience de spa rajeunissante et offrant les avantages sup\u00e9rieure de l'hydroth\u00e9rapie<\/strong><\/p>\n<!-- \/wp:paragraph -->\n\n<!-- wp:list -->\n<ul><!-- wp:list-item -->\n<li><strong>Directionnel<\/strong><\/li>\n<!-- \/wp:list-item -->\n\n<!-- wp:list-item -->\n<li><strong>Roto<\/strong><\/li>\n<!-- \/wp:list-item -->\n\n<!-- wp:list-item -->\n<li><strong>Twain Roto<\/strong><\/li>\n<!-- \/wp:list-item -->\n\n<!-- wp:list-item -->\n<li><strong>Multi massage<\/strong><\/li>\n<!-- \/wp:list-item -->\n\n<!-- wp:list-item -->\n<li><strong>Pulse massage<\/strong><\/li>\n<!-- \/wp:list-item -->\n\n<!-- wp:list-item -->\n<li><strong>Rifler<\/strong><\/li>\n<!-- \/wp:list-item -->\n\n<!-- wp:list-item -->\n<li><strong>Twister plus<\/strong><\/li>\n<!-- \/wp:list-item -->\n\n<!-- wp:list-item -->\n<li><strong>Jet d'air<\/strong><\/li>\n<!-- \/wp:list-item -->\n\n<!-- wp:list-item -->\n<li><strong>jet \u00e0 cascade<\/strong><\/li>\n<!-- \/wp:list-item -->\n\n<!-- wp:list-item -->\n<li><strong>jet rotatif unique<\/strong><\/li>\n<!-- \/wp:list-item -->\n\n<!-- wp:list-item -->\n<li><strong>jet \u00e0 grand d\u00e9bit<\/strong><\/li>\n<!-- \/wp:list-item --><\/ul>\n<!-- \/wp:list -->\n\n<!-- wp:paragraph -->\n<p><\/p>\n<!-- \/wp:paragraph -->\n\n<!-- wp:image {\"id\":368305,\"sizeSlug\":\"full\",\"linkDestination\":\"none\"} -->\n<figure class=\"wp-block-image size-full\"><img src=\"https:\/\/www.sanilux.be\/test%2001\/wp-content\/uploads\/2022\/12\/spa-sur-mesure-.jpg\" alt=\"\" class=\"wp-image-368305\"\/><\/figure>\n<!-- \/wp:image -->","_et_gb_content_width":"","footnotes":""},"class_list":["post-368306","page","type-page","status-publish","hentry"],"_links":{"self":[{"href":"https:\/\/www.sanilux.be\/test%2001\/index.php?rest_route=\/wp\/v2\/pages\/368306","targetHints":{"allow":["GET"]}}],"collection":[{"href":"https:\/\/www.sanilux.be\/test%2001\/index.php?rest_route=\/wp\/v2\/pages"}],"about":[{"href":"https:\/\/www.sanilux.be\/test%2001\/index.php?rest_route=\/wp\/v2\/types\/page"}],"author":[{"embeddable":true,"href":"https:\/\/www.sanilux.be\/test%2001\/index.php?rest_route=\/wp\/v2\/users\/1"}],"replies":[{"embeddable":true,"href":"https:\/\/www.sanilux.be\/test%2001\/index.php?rest_route=%2Fwp%2Fv2%2Fcomments&post=368306"}],"version-history":[{"count":3,"href":"https:\/\/www.sanilux.be\/test%2001\/index.php?rest_route=\/wp\/v2\/pages\/368306\/revisions"}],"predecessor-version":[{"id":368311,"href":"https:\/\/www.sanilux.be\/test%2001\/index.php?rest_route=\/wp\/v2\/pages\/368306\/revisions\/368311"}],"wp:attachment":[{"href":"https:\/\/www.sanilux.be\/test%2001\/index.php?rest_route=%2Fwp%2Fv2%2Fmedia&parent=368306"}],"curies":[{"name":"wp","href":"https:\/\/api.w.org\/{rel}","templated":true}]}}