{"id":368672,"date":"2022-12-24T02:00:52","date_gmt":"2022-12-24T01:00:52","guid":{"rendered":"https:\/\/www.sanicool.be\/?page_id=368672"},"modified":"2022-12-24T02:08:47","modified_gmt":"2022-12-24T01:08:47","slug":"generateur-pro-plus","status":"publish","type":"page","link":"https:\/\/www.sanilux.be\/test%2001\/?page_id=368672","title":{"rendered":"G\u00e9n\u00e9rateur Pro plus"},"content":{"rendered":"<p>[et_pb_section fb_built=\u00a0\u00bb1&Prime; _builder_version=\u00a0\u00bb4.19.2&Prime; _module_preset=\u00a0\u00bbdefault\u00a0\u00bb global_colors_info=\u00a0\u00bb{}\u00a0\u00bb][et_pb_row _builder_version=\u00a0\u00bb4.19.2&Prime; _module_preset=\u00a0\u00bbdefault\u00a0\u00bb global_colors_info=\u00a0\u00bb{}\u00a0\u00bb][et_pb_column type=\u00a0\u00bb4_4&Prime; _builder_version=\u00a0\u00bb4.19.2&Prime; _module_preset=\u00a0\u00bbdefault\u00a0\u00bb global_colors_info=\u00a0\u00bb{}\u00a0\u00bb][et_pb_text _builder_version=\u00a0\u00bb4.19.2&Prime; _module_preset=\u00a0\u00bbdefault\u00a0\u00bb background_image=\u00a0\u00bbhttps:\/\/www.sanilux.be\/test%2001\/wp-content\/uploads\/2022\/12\/generateur-de-vapeur-thermasol-pro-series-plus.png\u00a0\u00bb background_size=\u00a0\u00bbcustom\u00a0\u00bb background_image_width=\u00a0\u00bb0%\u00a0\u00bb background_image_height=\u00a0\u00bb100%\u00a0\u00bb custom_padding=\u00a0\u00bb57px|||||\u00a0\u00bb hover_enabled=\u00a0\u00bb0&Prime; global_colors_info=\u00a0\u00bb{}\u00a0\u00bb sticky_enabled=\u00a0\u00bb0&Prime;]<\/p>\n<p><strong><span style=\"color: #ff0000;\">G\u00e9n\u00e9rateur De Vapeur Thermasol Pro S\u00e9ries Plus<\/span><\/strong><\/p>\n<p>&nbsp;<\/p>\n<p><span style=\"color: #0000ff;\"><strong>DESCRIPTION DE LA\u00a0 GENERATEUR DE VAPEUR THERMASOL PRO SERIES PLUS\u00a0 :<\/strong><\/span><\/p>\n<p><strong>9000 \/ 12000 \/ 18000 \/ 24000 \/ 28000 \/ 36000 \/48000 \/ 60000<\/strong><\/p>\n<p><strong>Nouvelle g\u00e9n\u00e9ration intelligente de g\u00e9n\u00e9rateurs de vapeur industriel et professionnels. pour usage intensif avec une foule de fonctionnalit\u00e9s avanc\u00e9es pour hammams priv\u00e9s, commerciale et publique.<\/strong><\/p>\n<p>&nbsp;<\/p>\n<p><span style=\"color: #ff0000;\"><strong>Livr\u00e9 avec un\u00a0:<\/strong><\/span><\/p>\n<p>&nbsp;<\/p>\n<p>\uf0b7\u00a0\u00a0\u00a0\u00a0\u00a0\u00a0\u00a0\u00a0Affichage digital de la temp\u00e9rature.<\/p>\n<p>\uf0b7\u00a0\u00a0\u00a0\u00a0\u00a0\u00a0\u00a0\u00a0Sonde de temp\u00e9rature.<\/p>\n<p>\uf0b7\u00a0\u00a0\u00a0\u00a0\u00a0\u00a0\u00a0\u00a0Buse vapeur 1 ou 2 selon le mod\u00e8le<\/p>\n<p>\uf0b7\u00a0\u00a0\u00a0\u00a0\u00a0\u00a0\u00a0\u00a0C\u00e2ble de liaison &#8230;<\/p>\n<p>&nbsp;<\/p>\n<p><span style=\"color: #ff0000;\"><strong>Caract\u00e9ristique technique :<\/strong><\/span><\/p>\n<p>&nbsp;<\/p>\n<p>\uf0b7\u00a0\u00a0\u00a0\u00a0\u00a0\u00a0\u00a0\u00a0Production de vapeur importante et rapide.<\/p>\n<p>\uf0b7\u00a0\u00a0\u00a0\u00a0\u00a0\u00a0\u00a0\u00a0Pr\u00e9vue pour une utilisation intensive jusqu&rsquo;\u00e0 16 heures par jour.<\/p>\n<p>\uf0b7\u00a0\u00a0\u00a0\u00a0\u00a0\u00a0\u00a0\u00a0Grande fiabilit\u00e9, longue dur\u00e9e de vie.<\/p>\n<p>\uf0b7\u00a0\u00a0\u00a0\u00a0\u00a0\u00a0\u00a0\u00a0Peu d&rsquo;entretien : vidange mensuelle.<\/p>\n<p>\uf0b7\u00a0\u00a0\u00a0\u00a0\u00a0\u00a0\u00a0\u00a0G\u00e9n\u00e9rateurs fiables et robustes<\/p>\n<p>\uf0b7\u00a0\u00a0\u00a0\u00a0\u00a0\u00a0\u00a0\u00a0S&rsquo;alimente soit sur une connexion de 230 volts MONO ou TRIPHASE 400 Volts + neutre ou\u00a0\u00a0 TRIPHASE 230 volts.<\/p>\n<p>\uf0b7\u00a0\u00a0\u00a0\u00a0\u00a0\u00a0\u00a0\u00a0R\u00e9glage temp\u00e9rature hammam entre 15 et 60\u00b0C<\/p>\n<p>\uf0b7\u00a0\u00a0\u00a0\u00a0\u00a0\u00a0\u00a0\u00a0Puissances de\u00a0 9 \u00e0 60 KW<\/p>\n<p>\uf0b7\u00a0\u00a0\u00a0\u00a0\u00a0\u00a0\u00a0\u00a0R\u00e9sistances interchangeables en inox<\/p>\n<p>\uf0b7\u00a0\u00a0\u00a0\u00a0\u00a0\u00a0\u00a0\u00a0Muni d&rsquo;un corps chauffant en inox.<\/p>\n<p>&nbsp;<\/p>\n<p><strong><span style=\"color: #ff0000;\">NEW OPTION<\/span>\u00a0<\/strong><\/p>\n<p><strong>\u00a0\u00a0\u00a0\u00a0\u00a0 Economiser\u00a0 de l&rsquo;\u00e9nergie\u00a0 au lieu d&rsquo;allumer toute la journ\u00e9e gr\u00e2ce \u00e0\u00a0 un simple appuis sur un bouton de vapeur \u00e0 la demande .<\/strong><\/p>\n<p>&nbsp;<\/p>\n<p><span style=\"color: #ff0000;\"><strong>Options possibles :<\/strong><\/span><\/p>\n<p>&nbsp;<\/p>\n<p>\uf0b7\u00a0\u00a0\u00a0\u00a0\u00a0\u00a0\u00a0\u00a0\u00a0Buses vapeur suppl\u00e9mentaires<\/p>\n<p>\uf0b7\u00a0\u00a0\u00a0\u00a0\u00a0\u00a0\u00a0\u00a0\u00a0Traitement d&rsquo;eau<\/p>\n<p>\uf0b7\u00a0\u00a0\u00a0\u00a0\u00a0\u00a0\u00a0\u00a0\u00a0Diffuseur d&rsquo;ar\u00f4mes automatique<\/p>\n<p>&nbsp;<\/p>\n<p><span style=\"color: #ff0000;\"><strong>S\u00e9curit\u00e9 :<\/strong><\/span><\/p>\n<p>Nos g\u00e9n\u00e9rateurs sont \u00e9quip\u00e9s de protections internes par disjoncteurs contre le court-circuit et les surintensit\u00e9s. Gr\u00e2ce \u00e0 leur sonde de niveau haut, nos g\u00e9n\u00e9rateurs pr\u00e9viennent tout risque de d\u00e9bordement.<\/p>\n<p>&nbsp;<\/p>\n<p><span style=\"color: #ff0000;\"><strong>Norme :<\/strong><\/span><\/p>\n<p>Homologu\u00e9e ukas qualit\u00e9 management, ISO 9001 r\u00e9pond \u00e0 des processus de fabrication et des crit\u00e8res de qualit\u00e9 tr\u00e8s pr\u00e9cis<\/p>\n<table width=\"822\">\n<tbody>\n<tr>\n<td width=\"65\">\n<p><strong>MODELE<\/strong><\/p>\n<p><strong>PRO SERIES PLUS<\/strong><\/p>\n<\/td>\n<td width=\"130\"><strong>Alimentation \u00e9lectrique<\/strong><\/td>\n<td width=\"75\">\n<p><strong>Puissance<\/strong><\/p>\n<p><strong>(KW)<\/strong><\/p>\n<\/td>\n<td width=\"94\">\n<p><strong>Volume maxi du<\/strong><\/p>\n<p><strong>Hammam (M\u00b3)<\/strong><\/p>\n<\/td>\n<td width=\"59\"><strong>Nombre de Buse vapeur<\/strong><\/td>\n<td width=\"92\">\n<p><strong>Dimensions en cm<\/strong><\/p>\n<p><strong>H x L x P<\/strong><\/p>\n<\/td>\n<td width=\"47\"><strong>poids en kg<\/strong><\/td>\n<\/tr>\n<tr>\n<td width=\"65\">\n<p><strong>PRO SERIES<\/strong><\/p>\n<p><strong>PLUS 9000<\/strong><\/p>\n<\/td>\n<td width=\"130\">\n<p>&nbsp;<\/p>\n<p>230 V(3Ph + N) ou 400 V(3Ph + N)<\/p>\n<\/td>\n<td width=\"75\">\n<p>&nbsp;<\/p>\n<p>9<\/p>\n<\/td>\n<td width=\"94\">\n<p>&nbsp;<\/p>\n<p>3 \u00e0 10<\/p>\n<\/td>\n<td width=\"59\">\n<p>&nbsp;<\/p>\n<p>1<\/p>\n<\/td>\n<td width=\"92\">\n<p>&nbsp;<\/p>\n<p>90 x 45 x 45<\/p>\n<\/td>\n<td width=\"47\">\n<p>&nbsp;<\/p>\n<p>63<\/p>\n<\/td>\n<\/tr>\n<tr>\n<td width=\"65\">\n<p><strong>PRO SERIES<\/strong><\/p>\n<p><strong>PLUS 12000<\/strong><\/p>\n<\/td>\n<td width=\"130\">\n<p>&nbsp;<\/p>\n<p>230 V(3Ph + N) ou 400 V(3Ph + N)<\/p>\n<\/td>\n<td width=\"75\">\n<p>&nbsp;<\/p>\n<p>12<\/p>\n<\/td>\n<td width=\"94\">\n<p>&nbsp;<\/p>\n<p>5 \u00e010<\/p>\n<\/td>\n<td width=\"59\">\n<p>&nbsp;<\/p>\n<p>1<\/p>\n<\/td>\n<td width=\"92\">\n<p>&nbsp;<\/p>\n<p>90 x 45 x 45<\/p>\n<\/td>\n<td width=\"47\">\n<p>&nbsp;<\/p>\n<p>63<\/p>\n<\/td>\n<\/tr>\n<tr>\n<td width=\"65\">\n<p><strong>PRO SERIES<\/strong><\/p>\n<p><strong>PLUS 18000<\/strong><\/p>\n<\/td>\n<td width=\"130\">\n<p>&nbsp;<\/p>\n<p>230 V(3Ph + N) ou 400 V(3Ph + N)<\/p>\n<\/td>\n<td width=\"75\">\n<p>&nbsp;<\/p>\n<p>18<\/p>\n<\/td>\n<td width=\"94\">\n<p>&nbsp;<\/p>\n<p>10 \u00e0 20<\/p>\n<\/td>\n<td width=\"59\">\n<p>&nbsp;<\/p>\n<p>1<\/p>\n<\/td>\n<td width=\"92\">\n<p>&nbsp;<\/p>\n<p>90 x 45 x 45<\/p>\n<\/td>\n<td width=\"47\">\n<p>&nbsp;<\/p>\n<p>63<\/p>\n<\/td>\n<\/tr>\n<tr>\n<td width=\"65\">\n<p><strong>PRO SERIES<\/strong><\/p>\n<p><strong>PLUS 24000<\/strong><\/p>\n<\/td>\n<td width=\"130\">\n<p>&nbsp;<\/p>\n<p>230 V(3Ph + N) ou 400 V(3Ph + N)<\/p>\n<\/td>\n<td width=\"75\">\n<p>&nbsp;<\/p>\n<p>24<\/p>\n<\/td>\n<td width=\"94\">\n<p>&nbsp;<\/p>\n<p>20 \u00e0 35<\/p>\n<\/td>\n<td width=\"59\">\n<p>&nbsp;<\/p>\n<p>2<\/p>\n<\/td>\n<td width=\"92\">\n<p>&nbsp;<\/p>\n<p>80 x 50 x 50<\/p>\n<\/td>\n<td width=\"47\">\n<p>&nbsp;<\/p>\n<p>97<\/p>\n<\/td>\n<\/tr>\n<tr>\n<td width=\"65\">\n<p><strong>PRO SERIES<\/strong><\/p>\n<p><strong>PLUS 28000<\/strong><\/p>\n<\/td>\n<td width=\"130\">\n<p>&nbsp;<\/p>\n<p>230 V(3Ph + N) ou 400 V(3Ph + N)<\/p>\n<\/td>\n<td width=\"75\">\n<p>&nbsp;<\/p>\n<p>28<\/p>\n<\/td>\n<td width=\"94\">\n<p>&nbsp;<\/p>\n<p>35 \u00e0 45<\/p>\n<\/td>\n<td width=\"59\">\n<p>&nbsp;<\/p>\n<p>2<\/p>\n<\/td>\n<td width=\"92\">\n<p>&nbsp;<\/p>\n<p>80 x 50 x 50<\/p>\n<\/td>\n<td width=\"47\">\n<p>&nbsp;<\/p>\n<p>97<\/p>\n<\/td>\n<\/tr>\n<tr>\n<td width=\"65\">\n<p><strong>PRO SERIES<\/strong><\/p>\n<p><strong>PLUS 36000<\/strong><\/p>\n<\/td>\n<td width=\"130\">\n<p>&nbsp;<\/p>\n<p>230 V(3Ph + N) ou 400 V(3Ph + N)<\/p>\n<\/td>\n<td width=\"75\">\n<p>&nbsp;<\/p>\n<p>36<\/p>\n<\/td>\n<td width=\"94\">\n<p>&nbsp;<\/p>\n<p>45 \u00e0 60<\/p>\n<\/td>\n<td width=\"59\">\n<p>&nbsp;<\/p>\n<p>4<\/p>\n<\/td>\n<td width=\"92\">\n<p>&nbsp;<\/p>\n<p>80 x 50 x 50<\/p>\n<\/td>\n<td width=\"47\">\n<p>&nbsp;<\/p>\n<p>97<\/p>\n<\/td>\n<\/tr>\n<tr>\n<td width=\"65\">\n<p><strong>PRO SERIES<\/strong><\/p>\n<p><strong>PLUS 48000<\/strong><\/p>\n<\/td>\n<td width=\"130\">\n<p>&nbsp;<\/p>\n<p>230 V(3Ph + N) ou 400 V(3Ph + N)<\/p>\n<\/td>\n<td width=\"75\">\n<p>&nbsp;<\/p>\n<p>48<\/p>\n<\/td>\n<td width=\"94\">\n<p>&nbsp;<\/p>\n<p>60 \u00e0 80<\/p>\n<\/td>\n<td width=\"59\">\n<p>&nbsp;<\/p>\n<p>6<\/p>\n<\/td>\n<td width=\"92\">\n<p>&nbsp;<\/p>\n<p>150 x 60 x 60<\/p>\n<\/td>\n<td width=\"47\">\n<p>&nbsp;<\/p>\n<p>165<\/p>\n<\/td>\n<\/tr>\n<tr>\n<td width=\"65\">\n<p><strong>PRO SERIES<\/strong><\/p>\n<p><strong>PLUS 60000<\/strong><\/p>\n<\/td>\n<td width=\"130\">\n<p>&nbsp;<\/p>\n<p>230 V(3Ph + N) ou 400 V(3Ph + N)<\/p>\n<\/td>\n<td width=\"75\">\n<p>&nbsp;<\/p>\n<p>60<\/p>\n<\/td>\n<td width=\"94\">\n<p>&nbsp;<\/p>\n<p>80 \u00e0 100<\/p>\n<\/td>\n<td width=\"59\">\n<p>&nbsp;<\/p>\n<p>6<\/p>\n<\/td>\n<td width=\"92\">\n<p>&nbsp;<\/p>\n<p>150 x 60 x 60<\/p>\n<\/td>\n<td width=\"47\">\n<p>&nbsp;<\/p>\n<p>165<\/p>\n<\/td>\n<\/tr>\n<\/tbody>\n<\/table>\n<p><span style=\"color: #ff0000;\"><strong>LISTE DE PRIX<\/strong><\/span><\/p>\n<p><span style=\"color: #0000ff;\"><strong>Offre valable jusqu&rsquo;au\u00a028 f\u00e9vrier\u00a02023<\/strong><\/span><\/p>\n<p><strong><\/strong><\/p>\n<p><strong>2 Bidons offerts\u00a0 d&rsquo;huiles essentielles \u00ab \u00a0Brume de hammam AMORA\u00a0\u00bb EUCALYPTUS \/ MENTHE<\/strong><\/p>\n<p><strong><\/strong><\/p>\n<table>\n<tbody>\n<tr>\n<td width=\"411\"><strong>G\u00e9n\u00e9rateur de vapeur PRO SERIES PLUS\u00a0\u00a0 9000<\/strong><\/td>\n<td width=\"92\"><strong>2200 \u20ac<\/strong><\/td>\n<td width=\"92\"><strong><span style=\"text-decoration: line-through;\">2500<\/span><\/strong><strong>\u00a0\u20ac<\/strong><\/td>\n<\/tr>\n<tr>\n<td width=\"411\"><strong>G\u00e9n\u00e9rateur de vapeur PRO SERIES PLUS\u00a0 12000<\/strong><\/td>\n<td width=\"92\"><strong>2350 \u20ac<\/strong><\/td>\n<td width=\"92\"><strong><span style=\"text-decoration: line-through;\">2650<\/span><\/strong><strong>\u00a0\u20ac<\/strong><\/td>\n<\/tr>\n<tr>\n<td width=\"411\"><strong>G\u00e9n\u00e9rateur de vapeur PRO SERIES PLUS\u00a0 18000<\/strong><\/td>\n<td width=\"92\"><strong>2500 \u20ac<\/strong><\/td>\n<td width=\"92\"><strong><span style=\"text-decoration: line-through;\">2800<\/span><\/strong><strong>\u00a0\u20ac<\/strong><\/td>\n<\/tr>\n<tr>\n<td width=\"411\"><strong>G\u00e9n\u00e9rateur de vapeur PRO SERIES PLUS\u00a0 24000<\/strong><\/td>\n<td width=\"92\"><strong>2650 \u20ac<\/strong><\/td>\n<td width=\"92\"><strong><span style=\"text-decoration: line-through;\">2950<\/span><\/strong><strong>\u00a0\u20ac<\/strong><\/td>\n<\/tr>\n<tr>\n<td width=\"411\"><strong>G\u00e9n\u00e9rateur de vapeur PRO SERIES PLUS\u00a0 28000<\/strong><\/td>\n<td width=\"92\"><strong>2800 \u20ac<\/strong><\/td>\n<td width=\"92\"><strong><span style=\"text-decoration: line-through;\">3100<\/span><\/strong><strong>\u00a0\u20ac<\/strong><\/td>\n<\/tr>\n<tr>\n<td width=\"411\"><strong>G\u00e9n\u00e9rateur de vapeur PRO SERIES PLUS\u00a0 36000<\/strong><\/td>\n<td width=\"92\"><strong>3850 \u20ac<\/strong><\/td>\n<td width=\"92\"><\/td>\n<\/tr>\n<tr>\n<td width=\"411\"><strong>G\u00e9n\u00e9rateur de vapeur PRO SERIES PLUS\u00a0 48000<\/strong><\/td>\n<td width=\"92\"><strong>4700 \u20ac<\/strong><\/td>\n<td width=\"92\"><\/td>\n<\/tr>\n<tr>\n<td width=\"411\"><strong>G\u00e9n\u00e9rateur de vapeur PRO SERIES PLUS\u00a0 60000<\/strong><\/td>\n<td width=\"92\"><strong>5350 \u20ac<\/strong><\/td>\n<td width=\"92\"><\/td>\n<\/tr>\n<tr>\n<td width=\"411\"><strong>\u00a0<\/strong><\/td>\n<td width=\"92\"><strong>\u00a0<\/strong><\/td>\n<td width=\"92\"><\/td>\n<\/tr>\n<\/tbody>\n<\/table>\n<p>&nbsp;<\/p>\n<p>&nbsp;<\/p>\n<p>&nbsp;<\/p>\n<p>[\/et_pb_text][\/et_pb_column][\/et_pb_row][\/et_pb_section]<\/p>\n","protected":false},"excerpt":{"rendered":"<p>G\u00e9n\u00e9rateur De Vapeur Thermasol Pro S\u00e9ries Plus &nbsp; DESCRIPTION DE LA\u00a0 GENERATEUR DE VAPEUR THERMASOL PRO SERIES PLUS\u00a0 : 9000 \/ 12000 \/ 18000 \/ 24000 \/ 28000 \/ 36000 \/48000 \/ 60000 Nouvelle g\u00e9n\u00e9ration intelligente de g\u00e9n\u00e9rateurs de vapeur industriel et professionnels. pour usage intensif avec une foule de fonctionnalit\u00e9s avanc\u00e9es pour hammams priv\u00e9s, [&hellip;]<\/p>\n","protected":false},"author":1,"featured_media":0,"parent":0,"menu_order":0,"comment_status":"closed","ping_status":"closed","template":"","meta":{"_et_pb_use_builder":"on","_et_pb_old_content":"[et_pb_section fb_built=\"1\" theme_builder_area=\"post_content\" _builder_version=\"4.19.2\" _module_preset=\"default\"][et_pb_row _builder_version=\"4.19.2\" _module_preset=\"default\" theme_builder_area=\"post_content\"][et_pb_column _builder_version=\"4.19.2\" _module_preset=\"default\" type=\"4_4\" theme_builder_area=\"post_content\"][et_pb_text _builder_version=\"4.19.2\" _module_preset=\"default\" theme_builder_area=\"post_content\" hover_enabled=\"0\" sticky_enabled=\"0\" title_text=\"generateur-de-vapeur-thermasol-pro-series-plus\" background_image=\"https:\/\/www.sanilux.be\/test%2001\/wp-content\/uploads\/2022\/12\/generateur-de-vapeur-thermasol-pro-series-plus.png\" background_size=\"custom\" background_image_width=\"0%\" background_image_height=\"100%\" custom_padding=\"57px|||||\"]<p><strong><span style=\"color: #ff0000;\">G\u00e9n\u00e9rateur De Vapeur Thermasol Pro S\u00e9ries Plus<\/span><\/strong><\/p>\n<p>&nbsp;<\/p>\n<p><span style=\"color: #0000ff;\"><strong>DESCRIPTION DE LA\u00a0 GENERATEUR DE VAPEUR THERMASOL PRO SERIES PLUS\u00a0 :<\/strong><\/span><\/p>\n<p><strong>9000 \/ 12000 \/ 18000 \/ 24000 \/ 28000 \/ 36000 \/48000 \/ 60000<\/strong><\/p>\n<p><strong>Nouvelle g\u00e9n\u00e9ration intelligente de g\u00e9n\u00e9rateurs de vapeur industriel et professionnels. pour usage intensif avec une foule de fonctionnalit\u00e9s avanc\u00e9es pour hammams priv\u00e9s, commerciale et publique.<\/strong><\/p>\n<p>&nbsp;<\/p>\n<p><span style=\"color: #ff0000;\"><strong>Livr\u00e9 avec un\u00a0:<\/strong><\/span><\/p>\n<p>&nbsp;<\/p>\n<p>\uf0b7\u00a0\u00a0\u00a0\u00a0\u00a0\u00a0\u00a0\u00a0Affichage digital de la temp\u00e9rature.<\/p>\n<p>\uf0b7\u00a0\u00a0\u00a0\u00a0\u00a0\u00a0\u00a0\u00a0Sonde de temp\u00e9rature.<\/p>\n<p>\uf0b7\u00a0\u00a0\u00a0\u00a0\u00a0\u00a0\u00a0\u00a0Buse vapeur 1 ou 2 selon le mod\u00e8le<\/p>\n<p>\uf0b7\u00a0\u00a0\u00a0\u00a0\u00a0\u00a0\u00a0\u00a0C\u00e2ble de liaison ...<\/p>\n<p>&nbsp;<\/p>\n<p><span style=\"color: #ff0000;\"><strong>Caract\u00e9ristique technique :<\/strong><\/span><\/p>\n<p>&nbsp;<\/p>\n<p>\uf0b7\u00a0\u00a0\u00a0\u00a0\u00a0\u00a0\u00a0\u00a0Production de vapeur importante et rapide.<\/p>\n<p>\uf0b7\u00a0\u00a0\u00a0\u00a0\u00a0\u00a0\u00a0\u00a0Pr\u00e9vue pour une utilisation intensive jusqu'\u00e0 16 heures par jour.<\/p>\n<p>\uf0b7\u00a0\u00a0\u00a0\u00a0\u00a0\u00a0\u00a0\u00a0Grande fiabilit\u00e9, longue dur\u00e9e de vie.<\/p>\n<p>\uf0b7\u00a0\u00a0\u00a0\u00a0\u00a0\u00a0\u00a0\u00a0Peu d'entretien : vidange mensuelle.<\/p>\n<p>\uf0b7\u00a0\u00a0\u00a0\u00a0\u00a0\u00a0\u00a0\u00a0G\u00e9n\u00e9rateurs fiables et robustes<\/p>\n<p>\uf0b7\u00a0\u00a0\u00a0\u00a0\u00a0\u00a0\u00a0\u00a0S'alimente soit sur une connexion de 230 volts MONO ou TRIPHASE 400 Volts + neutre ou\u00a0\u00a0 TRIPHASE 230 volts.<\/p>\n<p>\uf0b7\u00a0\u00a0\u00a0\u00a0\u00a0\u00a0\u00a0\u00a0R\u00e9glage temp\u00e9rature hammam entre 15 et 60\u00b0C<\/p>\n<p>\uf0b7\u00a0\u00a0\u00a0\u00a0\u00a0\u00a0\u00a0\u00a0Puissances de\u00a0 9 \u00e0 60 KW<\/p>\n<p>\uf0b7\u00a0\u00a0\u00a0\u00a0\u00a0\u00a0\u00a0\u00a0R\u00e9sistances interchangeables en inox<\/p>\n<p>\uf0b7\u00a0\u00a0\u00a0\u00a0\u00a0\u00a0\u00a0\u00a0Muni d'un corps chauffant en inox.<\/p>\n<p>&nbsp;<\/p>\n<p><strong><span style=\"color: #ff0000;\">NEW OPTION<\/span>\u00a0<\/strong><\/p>\n<p><strong>\u00a0\u00a0\u00a0\u00a0\u00a0 Economiser\u00a0 de l'\u00e9nergie\u00a0 au lieu d'allumer toute la journ\u00e9e gr\u00e2ce \u00e0\u00a0 un simple appuis sur un bouton de vapeur \u00e0 la demande .<\/strong><\/p>\n<p>&nbsp;<\/p>\n<p><span style=\"color: #ff0000;\"><strong>Options possibles :<\/strong><\/span><\/p>\n<p>&nbsp;<\/p>\n<p>\uf0b7\u00a0\u00a0\u00a0\u00a0\u00a0\u00a0\u00a0\u00a0\u00a0Buses vapeur suppl\u00e9mentaires<\/p>\n<p>\uf0b7\u00a0\u00a0\u00a0\u00a0\u00a0\u00a0\u00a0\u00a0\u00a0Traitement d'eau<\/p>\n<p>\uf0b7\u00a0\u00a0\u00a0\u00a0\u00a0\u00a0\u00a0\u00a0\u00a0Diffuseur d'ar\u00f4mes automatique<\/p>\n<p>&nbsp;<\/p>\n<p><span style=\"color: #ff0000;\"><strong>S\u00e9curit\u00e9 :<\/strong><\/span><\/p>\n<p>Nos g\u00e9n\u00e9rateurs sont \u00e9quip\u00e9s de protections internes par disjoncteurs contre le court-circuit et les surintensit\u00e9s. Gr\u00e2ce \u00e0 leur sonde de niveau haut, nos g\u00e9n\u00e9rateurs pr\u00e9viennent tout risque de d\u00e9bordement.<\/p>\n<p>&nbsp;<\/p>\n<p><span style=\"color: #ff0000;\"><strong>Norme :<\/strong><\/span><\/p>\n<p>Homologu\u00e9e ukas qualit\u00e9 management, ISO 9001 r\u00e9pond \u00e0 des processus de fabrication et des crit\u00e8res de qualit\u00e9 tr\u00e8s pr\u00e9cis<\/p>\n<table width=\"822\">\n<tbody>\n<tr>\n<td width=\"65\">\n<p><strong>MODELE<\/strong><\/p>\n<p><strong>PRO SERIES PLUS<\/strong><\/p>\n<\/td>\n<td width=\"130\"><strong>Alimentation \u00e9lectrique<\/strong><\/td>\n<td width=\"75\">\n<p><strong>Puissance<\/strong><\/p>\n<p><strong>(KW)<\/strong><\/p>\n<\/td>\n<td width=\"94\">\n<p><strong>Volume maxi du<\/strong><\/p>\n<p><strong>Hammam (M\u00b3)<\/strong><\/p>\n<\/td>\n<td width=\"59\"><strong>Nombre de Buse vapeur<\/strong><\/td>\n<td width=\"92\">\n<p><strong>Dimensions en cm<\/strong><\/p>\n<p><strong>H x L x P<\/strong><\/p>\n<\/td>\n<td width=\"47\"><strong>poids en kg<\/strong><\/td>\n<\/tr>\n<tr>\n<td width=\"65\">\n<p><strong>PRO SERIES<\/strong><\/p>\n<p><strong>PLUS 9000<\/strong><\/p>\n<\/td>\n<td width=\"130\">\n<p>&nbsp;<\/p>\n<p>230 V(3Ph + N) ou 400 V(3Ph + N)<\/p>\n<\/td>\n<td width=\"75\">\n<p>&nbsp;<\/p>\n<p>9<\/p>\n<\/td>\n<td width=\"94\">\n<p>&nbsp;<\/p>\n<p>3 \u00e0 10<\/p>\n<\/td>\n<td width=\"59\">\n<p>&nbsp;<\/p>\n<p>1<\/p>\n<\/td>\n<td width=\"92\">\n<p>&nbsp;<\/p>\n<p>90 x 45 x 45<\/p>\n<\/td>\n<td width=\"47\">\n<p>&nbsp;<\/p>\n<p>63<\/p>\n<\/td>\n<\/tr>\n<tr>\n<td width=\"65\">\n<p><strong>PRO SERIES<\/strong><\/p>\n<p><strong>PLUS 12000<\/strong><\/p>\n<\/td>\n<td width=\"130\">\n<p>&nbsp;<\/p>\n<p>230 V(3Ph + N) ou 400 V(3Ph + N)<\/p>\n<\/td>\n<td width=\"75\">\n<p>&nbsp;<\/p>\n<p>12<\/p>\n<\/td>\n<td width=\"94\">\n<p>&nbsp;<\/p>\n<p>5 \u00e010<\/p>\n<\/td>\n<td width=\"59\">\n<p>&nbsp;<\/p>\n<p>1<\/p>\n<\/td>\n<td width=\"92\">\n<p>&nbsp;<\/p>\n<p>90 x 45 x 45<\/p>\n<\/td>\n<td width=\"47\">\n<p>&nbsp;<\/p>\n<p>63<\/p>\n<\/td>\n<\/tr>\n<tr>\n<td width=\"65\">\n<p><strong>PRO SERIES<\/strong><\/p>\n<p><strong>PLUS 18000<\/strong><\/p>\n<\/td>\n<td width=\"130\">\n<p>&nbsp;<\/p>\n<p>230 V(3Ph + N) ou 400 V(3Ph + N)<\/p>\n<\/td>\n<td width=\"75\">\n<p>&nbsp;<\/p>\n<p>18<\/p>\n<\/td>\n<td width=\"94\">\n<p>&nbsp;<\/p>\n<p>10 \u00e0 20<\/p>\n<\/td>\n<td width=\"59\">\n<p>&nbsp;<\/p>\n<p>1<\/p>\n<\/td>\n<td width=\"92\">\n<p>&nbsp;<\/p>\n<p>90 x 45 x 45<\/p>\n<\/td>\n<td width=\"47\">\n<p>&nbsp;<\/p>\n<p>63<\/p>\n<\/td>\n<\/tr>\n<tr>\n<td width=\"65\">\n<p><strong>PRO SERIES<\/strong><\/p>\n<p><strong>PLUS 24000<\/strong><\/p>\n<\/td>\n<td width=\"130\">\n<p>&nbsp;<\/p>\n<p>230 V(3Ph + N) ou 400 V(3Ph + N)<\/p>\n<\/td>\n<td width=\"75\">\n<p>&nbsp;<\/p>\n<p>24<\/p>\n<\/td>\n<td width=\"94\">\n<p>&nbsp;<\/p>\n<p>20 \u00e0 35<\/p>\n<\/td>\n<td width=\"59\">\n<p>&nbsp;<\/p>\n<p>2<\/p>\n<\/td>\n<td width=\"92\">\n<p>&nbsp;<\/p>\n<p>80 x 50 x 50<\/p>\n<\/td>\n<td width=\"47\">\n<p>&nbsp;<\/p>\n<p>97<\/p>\n<\/td>\n<\/tr>\n<tr>\n<td width=\"65\">\n<p><strong>PRO SERIES<\/strong><\/p>\n<p><strong>PLUS 28000<\/strong><\/p>\n<\/td>\n<td width=\"130\">\n<p>&nbsp;<\/p>\n<p>230 V(3Ph + N) ou 400 V(3Ph + N)<\/p>\n<\/td>\n<td width=\"75\">\n<p>&nbsp;<\/p>\n<p>28<\/p>\n<\/td>\n<td width=\"94\">\n<p>&nbsp;<\/p>\n<p>35 \u00e0 45<\/p>\n<\/td>\n<td width=\"59\">\n<p>&nbsp;<\/p>\n<p>2<\/p>\n<\/td>\n<td width=\"92\">\n<p>&nbsp;<\/p>\n<p>80 x 50 x 50<\/p>\n<\/td>\n<td width=\"47\">\n<p>&nbsp;<\/p>\n<p>97<\/p>\n<\/td>\n<\/tr>\n<tr>\n<td width=\"65\">\n<p><strong>PRO SERIES<\/strong><\/p>\n<p><strong>PLUS 36000<\/strong><\/p>\n<\/td>\n<td width=\"130\">\n<p>&nbsp;<\/p>\n<p>230 V(3Ph + N) ou 400 V(3Ph + N)<\/p>\n<\/td>\n<td width=\"75\">\n<p>&nbsp;<\/p>\n<p>36<\/p>\n<\/td>\n<td width=\"94\">\n<p>&nbsp;<\/p>\n<p>45 \u00e0 60<\/p>\n<\/td>\n<td width=\"59\">\n<p>&nbsp;<\/p>\n<p>4<\/p>\n<\/td>\n<td width=\"92\">\n<p>&nbsp;<\/p>\n<p>80 x 50 x 50<\/p>\n<\/td>\n<td width=\"47\">\n<p>&nbsp;<\/p>\n<p>97<\/p>\n<\/td>\n<\/tr>\n<tr>\n<td width=\"65\">\n<p><strong>PRO SERIES<\/strong><\/p>\n<p><strong>PLUS 48000<\/strong><\/p>\n<\/td>\n<td width=\"130\">\n<p>&nbsp;<\/p>\n<p>230 V(3Ph + N) ou 400 V(3Ph + N)<\/p>\n<\/td>\n<td width=\"75\">\n<p>&nbsp;<\/p>\n<p>48<\/p>\n<\/td>\n<td width=\"94\">\n<p>&nbsp;<\/p>\n<p>60 \u00e0 80<\/p>\n<\/td>\n<td width=\"59\">\n<p>&nbsp;<\/p>\n<p>6<\/p>\n<\/td>\n<td width=\"92\">\n<p>&nbsp;<\/p>\n<p>150 x 60 x 60<\/p>\n<\/td>\n<td width=\"47\">\n<p>&nbsp;<\/p>\n<p>165<\/p>\n<\/td>\n<\/tr>\n<tr>\n<td width=\"65\">\n<p><strong>PRO SERIES<\/strong><\/p>\n<p><strong>PLUS 60000<\/strong><\/p>\n<\/td>\n<td width=\"130\">\n<p>&nbsp;<\/p>\n<p>230 V(3Ph + N) ou 400 V(3Ph + N)<\/p>\n<\/td>\n<td width=\"75\">\n<p>&nbsp;<\/p>\n<p>60<\/p>\n<\/td>\n<td width=\"94\">\n<p>&nbsp;<\/p>\n<p>80 \u00e0 100<\/p>\n<\/td>\n<td width=\"59\">\n<p>&nbsp;<\/p>\n<p>6<\/p>\n<\/td>\n<td width=\"92\">\n<p>&nbsp;<\/p>\n<p>150 x 60 x 60<\/p>\n<\/td>\n<td width=\"47\">\n<p>&nbsp;<\/p>\n<p>165<\/p>\n<\/td>\n<\/tr>\n<\/tbody>\n<\/table>\n<p><span style=\"color: #ff0000;\"><strong>LISTE DE PRIX<\/strong><\/span><\/p>\n<p><strong>Offre valable jusqu'au\u00a028 f\u00e9vrier\u00a02023<\/strong><\/p>\n<p><strong><\/strong><\/p>\n<p><strong>2 Bidons offerts\u00a0 d'huiles essentielles \u00ab \u00a0Brume de hammam AMORA\u00a0\u00bb EUCALYPTUS \/ MENTHE<\/strong><\/p>\n<p><strong><\/strong><\/p>\n<table>\n<tbody>\n<tr>\n<td width=\"411\"><strong>G\u00e9n\u00e9rateur de vapeur PRO SERIES PLUS\u00a0\u00a0 9000<\/strong><\/td>\n<td width=\"92\"><strong>2200 \u20ac<\/strong><\/td>\n<td width=\"92\"><strong><span style=\"text-decoration: line-through;\">2500<\/span><\/strong><strong>\u00a0\u20ac<\/strong><\/td>\n<\/tr>\n<tr>\n<td width=\"411\"><strong>G\u00e9n\u00e9rateur de vapeur PRO SERIES PLUS\u00a0 12000<\/strong><\/td>\n<td width=\"92\"><strong>2350 \u20ac<\/strong><\/td>\n<td width=\"92\"><strong><span style=\"text-decoration: line-through;\">2650<\/span><\/strong><strong>\u00a0\u20ac<\/strong><\/td>\n<\/tr>\n<tr>\n<td width=\"411\"><strong>G\u00e9n\u00e9rateur de vapeur PRO SERIES PLUS\u00a0 18000<\/strong><\/td>\n<td width=\"92\"><strong>2500 \u20ac<\/strong><\/td>\n<td width=\"92\"><strong><span style=\"text-decoration: line-through;\">2800<\/span><\/strong><strong>\u00a0\u20ac<\/strong><\/td>\n<\/tr>\n<tr>\n<td width=\"411\"><strong>G\u00e9n\u00e9rateur de vapeur PRO SERIES PLUS\u00a0 24000<\/strong><\/td>\n<td width=\"92\"><strong>2650 \u20ac<\/strong><\/td>\n<td width=\"92\"><strong><span style=\"text-decoration: line-through;\">2950<\/span><\/strong><strong>\u00a0\u20ac<\/strong><\/td>\n<\/tr>\n<tr>\n<td width=\"411\"><strong>G\u00e9n\u00e9rateur de vapeur PRO SERIES PLUS\u00a0 28000<\/strong><\/td>\n<td width=\"92\"><strong>2800 \u20ac<\/strong><\/td>\n<td width=\"92\"><strong><span style=\"text-decoration: line-through;\">3100<\/span><\/strong><strong>\u00a0\u20ac<\/strong><\/td>\n<\/tr>\n<tr>\n<td width=\"411\"><strong>G\u00e9n\u00e9rateur de vapeur PRO SERIES PLUS\u00a0 36000<\/strong><\/td>\n<td width=\"92\"><strong>3850 \u20ac<\/strong><\/td>\n<td width=\"92\">\u00a0<\/td>\n<\/tr>\n<tr>\n<td width=\"411\"><strong>G\u00e9n\u00e9rateur de vapeur PRO SERIES PLUS\u00a0 48000<\/strong><\/td>\n<td width=\"92\"><strong>4700 \u20ac<\/strong><\/td>\n<td width=\"92\">\u00a0<\/td>\n<\/tr>\n<tr>\n<td width=\"411\"><strong>G\u00e9n\u00e9rateur de vapeur PRO SERIES PLUS\u00a0 60000<\/strong><\/td>\n<td width=\"92\"><strong>5350 \u20ac<\/strong><\/td>\n<td width=\"92\">\u00a0<\/td>\n<\/tr>\n<tr>\n<td width=\"411\"><strong>\u00a0<\/strong><\/td>\n<td width=\"92\"><strong>\u00a0<\/strong><\/td>\n<td width=\"92\">\u00a0<\/td>\n<\/tr>\n<\/tbody>\n<\/table>\n<p>&nbsp;<\/p>\n<p>&nbsp;<\/p>\n<p>&nbsp;<\/p>[\/et_pb_text][\/et_pb_column][\/et_pb_row][\/et_pb_section]","_et_gb_content_width":"","footnotes":""},"class_list":["post-368672","page","type-page","status-publish","hentry"],"_links":{"self":[{"href":"https:\/\/www.sanilux.be\/test%2001\/index.php?rest_route=\/wp\/v2\/pages\/368672","targetHints":{"allow":["GET"]}}],"collection":[{"href":"https:\/\/www.sanilux.be\/test%2001\/index.php?rest_route=\/wp\/v2\/pages"}],"about":[{"href":"https:\/\/www.sanilux.be\/test%2001\/index.php?rest_route=\/wp\/v2\/types\/page"}],"author":[{"embeddable":true,"href":"https:\/\/www.sanilux.be\/test%2001\/index.php?rest_route=\/wp\/v2\/users\/1"}],"replies":[{"embeddable":true,"href":"https:\/\/www.sanilux.be\/test%2001\/index.php?rest_route=%2Fwp%2Fv2%2Fcomments&post=368672"}],"version-history":[{"count":5,"href":"https:\/\/www.sanilux.be\/test%2001\/index.php?rest_route=\/wp\/v2\/pages\/368672\/revisions"}],"predecessor-version":[{"id":368680,"href":"https:\/\/www.sanilux.be\/test%2001\/index.php?rest_route=\/wp\/v2\/pages\/368672\/revisions\/368680"}],"wp:attachment":[{"href":"https:\/\/www.sanilux.be\/test%2001\/index.php?rest_route=%2Fwp%2Fv2%2Fmedia&parent=368672"}],"curies":[{"name":"wp","href":"https:\/\/api.w.org\/{rel}","templated":true}]}}