{"id":368567,"date":"2022-12-20T21:48:09","date_gmt":"2022-12-20T20:48:09","guid":{"rendered":"https:\/\/www.sanicool.be\/?post_type=product&#038;p=368567"},"modified":"2022-12-20T23:21:49","modified_gmt":"2022-12-20T22:21:49","slug":"generateur-de-vapeur-thermasol-pro-series","status":"publish","type":"product","link":"https:\/\/www.sanilux.be\/test%2001\/?product=generateur-de-vapeur-thermasol-pro-series","title":{"rendered":"GENERATEUR DE VAPEUR THERMASOL PRO SERIES"},"content":{"rendered":"<p>[et_pb_section fb_built=\u00a0\u00bb1&Prime; _builder_version=\u00a0\u00bb4.16&Prime; custom_padding=\u00a0\u00bb0px||||false|false\u00a0\u00bb global_colors_info=\u00a0\u00bb{}\u00a0\u00bb][et_pb_row _builder_version=\u00a0\u00bb4.16&Prime; background_size=\u00a0\u00bbinitial\u00a0\u00bb background_position=\u00a0\u00bbtop_left\u00a0\u00bb background_repeat=\u00a0\u00bbrepeat\u00a0\u00bb width=\u00a0\u00bb100%\u00a0\u00bb custom_padding=\u00a0\u00bb0px||0px||false|false\u00a0\u00bb global_colors_info=\u00a0\u00bb{}\u00a0\u00bb][et_pb_column type=\u00a0\u00bb4_4&Prime; _builder_version=\u00a0\u00bb4.16&Prime; custom_padding=\u00a0\u00bb|||\u00a0\u00bb global_colors_info=\u00a0\u00bb{}\u00a0\u00bb custom_padding__hover=\u00a0\u00bb|||\u00a0\u00bb][et_pb_wc_breadcrumb _builder_version=\u00a0\u00bb4.16&Prime; global_colors_info=\u00a0\u00bb{}\u00a0\u00bb][\/et_pb_wc_breadcrumb][et_pb_wc_cart_notice _builder_version=\u00a0\u00bb4.16&Prime; global_colors_info=\u00a0\u00bb{}\u00a0\u00bb][\/et_pb_wc_cart_notice][\/et_pb_column][\/et_pb_row][et_pb_row column_structure=\u00a0\u00bb1_2,1_2&Prime; _builder_version=\u00a0\u00bb4.19.2&Prime; background_size=\u00a0\u00bbinitial\u00a0\u00bb background_position=\u00a0\u00bbtop_left\u00a0\u00bb background_repeat=\u00a0\u00bbrepeat\u00a0\u00bb width=\u00a0\u00bb100%\u00a0\u00bb custom_padding=\u00a0\u00bb0px||||false|false\u00a0\u00bb global_colors_info=\u00a0\u00bb{}\u00a0\u00bb][et_pb_column type=\u00a0\u00bb1_2&Prime; _builder_version=\u00a0\u00bb4.19.2&Prime; custom_padding=\u00a0\u00bb|||\u00a0\u00bb global_colors_info=\u00a0\u00bb{}\u00a0\u00bb custom_padding__hover=\u00a0\u00bb|||\u00a0\u00bb][et_pb_wc_images sale_badge_color=\u00a0\u00bb#E02B20&Prime; _builder_version=\u00a0\u00bb4.19.2&Prime; global_colors_info=\u00a0\u00bb{}\u00a0\u00bb][\/et_pb_wc_images][\/et_pb_column][et_pb_column type=\u00a0\u00bb1_2&Prime; _builder_version=\u00a0\u00bb4.16&Prime; custom_padding=\u00a0\u00bb|||\u00a0\u00bb global_colors_info=\u00a0\u00bb{}\u00a0\u00bb custom_padding__hover=\u00a0\u00bb|||\u00a0\u00bb][et_pb_wc_title _builder_version=\u00a0\u00bb4.19.2&Prime; header_font=\u00a0\u00bbTimes New Roman||||||||\u00a0\u00bb global_colors_info=\u00a0\u00bb{}\u00a0\u00bb][\/et_pb_wc_title][et_pb_wc_price _builder_version=\u00a0\u00bb4.19.2&Prime; before_sale_price_text_color=\u00a0\u00bb#E02B20&Prime; sale_price_text_color=\u00a0\u00bb#E02B20&Prime; global_colors_info=\u00a0\u00bb{}\u00a0\u00bb][\/et_pb_wc_price][et_pb_wc_description _builder_version=\u00a0\u00bb4.19.2&Prime; body_font=\u00a0\u00bbTimes New Roman||||||||\u00a0\u00bb body_text_color=\u00a0\u00bb#000000&Prime; body_font_size=\u00a0\u00bb21px\u00a0\u00bb global_colors_info=\u00a0\u00bb{}\u00a0\u00bb][\/et_pb_wc_description][et_pb_wc_add_to_cart _builder_version=\u00a0\u00bb4.19.2&Prime; hover_enabled=\u00a0\u00bb0&Prime; global_colors_info=\u00a0\u00bb{}\u00a0\u00bb fields_text_color=\u00a0\u00bb#000000&Prime; fields_font_size=\u00a0\u00bb23px\u00a0\u00bb sticky_enabled=\u00a0\u00bb0&Prime;][\/et_pb_wc_add_to_cart][\/et_pb_column][\/et_pb_row][et_pb_row _builder_version=\u00a0\u00bb4.19.2&Prime; background_size=\u00a0\u00bbinitial\u00a0\u00bb background_position=\u00a0\u00bbtop_left\u00a0\u00bb background_repeat=\u00a0\u00bbrepeat\u00a0\u00bb width=\u00a0\u00bb100%\u00a0\u00bb global_colors_info=\u00a0\u00bb{}\u00a0\u00bb][et_pb_column type=\u00a0\u00bb4_4&Prime; _builder_version=\u00a0\u00bb4.16&Prime; custom_padding=\u00a0\u00bb|||\u00a0\u00bb global_colors_info=\u00a0\u00bb{}\u00a0\u00bb custom_padding__hover=\u00a0\u00bb|||\u00a0\u00bb][et_pb_wc_tabs include_tabs=\u00a0\u00bbdescription|\u00a0\u00bb _builder_version=\u00a0\u00bb4.19.2&Prime; body_font=\u00a0\u00bbTimes New Roman||||||||\u00a0\u00bb global_colors_info=\u00a0\u00bb{}\u00a0\u00bb]\t\t\t\t\t[\/et_pb_wc_tabs][et_pb_wc_upsells _builder_version=\u00a0\u00bb4.16&Prime; global_colors_info=\u00a0\u00bb{}\u00a0\u00bb][\/et_pb_wc_upsells][et_pb_wc_related_products _builder_version=\u00a0\u00bb4.16&Prime; global_colors_info=\u00a0\u00bb{}\u00a0\u00bb][\/et_pb_wc_related_products][\/et_pb_column][\/et_pb_row][\/et_pb_section]<\/p>\n","protected":false},"excerpt":{"rendered":"<p><strong>9 KW\u00a0<\/strong><\/p>\n","protected":false},"featured_media":368533,"comment_status":"open","ping_status":"closed","template":"","meta":{"_et_pb_use_builder":"on","_et_pb_old_content":"&nbsp;\r\n<table>\r\n<tbody>\r\n<tr>\r\n<td>\r\n<p style=\"text-align: left\"><span style=\"color: #ff0000\"><strong>GENERATEUR DE VAPEUR\u00a0THERMASOL PRO SERIES<\/strong><\/span><\/p>\r\n<span style=\"color: #999999\"><strong>G\u00e9n\u00e9rateur de vapeur en inox. Une nouvelles g\u00e9n\u00e9ration avec une foule de fonctionnalit\u00e9s avanc\u00e9es pour hammams priv\u00e9s et commerciale<\/strong><\/span>\r\n\r\n<span style=\"color: #3366ff\"><strong>LES ACCESSOIRES SONT LIVRES AVEC LE GENERATEUR DE VAPEUR\u00a0THERMASOL PRO SERIES 6000 \/ 9000 \/ 12000 \/ 18000 \/ 24000.<\/strong><\/span>\r\n\r\n<span style=\"color: #999999\">G\u00e9n\u00e9rateur de vapeur en inox\u00a0 ,\u00a01Bo\u00eetier de contr\u00f4le digital\u00a0 ,\u00a0 1 Sonde de temp\u00e9rature\u00a0 ,\u00a0 1 Buse vapeur\u00a0 , 1 C\u00e2ble de liaison ...<\/span>\r\n\r\n<span style=\"color: #ff0000\"><strong>Principe de fonctionnement :<\/strong><\/span>\r\n\r\n<span style=\"color: #999999\">L'eau arrive dans le cylindre de production de vapeur o\u00f9 plongent des \u00e9lectrodes qui transforme rapidement en vapeur qui est ensuite diffus\u00e9e dans le hammam \u00e0 travers une ou plusieurs buses, r\u00e9gul\u00e9e par un tableau de contr\u00f4le.<\/span>\r\n\r\n<span style=\"color: #ff0000\"><strong>S\u00e9curit\u00e9 :<\/strong><\/span>\r\n\r\n<span style=\"color: #999999\">Nos g\u00e9n\u00e9rateurs sont \u00e9quip\u00e9s de protections internes par disjoncteurs contre les court-circuit et les surintensit\u00e9s. Gr\u00e2ce \u00e0 leur sonde de niveau haut, nos g\u00e9n\u00e9rateurs pr\u00e9viennent tout risque de d\u00e9bordement.<\/span>\r\n\r\n<span style=\"color: #ff0000\"><strong>Alimentation :<\/strong><\/span>\r\n\r\n<span style=\"color: #999999\">G\u00e9n\u00e9rateur de\u00a0 Vapeur<strong>\u00a0THERMASOL PRO<\/strong>\u00a0Pour hammam priv\u00e9s et commerciale s'alimente soit sur une connexion de 230 volts MONO ou TRIPHASE 400 Volts + neutre ou TRIPHASE 230 volts, Le g\u00e9n\u00e9rateur doit \u00eatre c\u00e2bl\u00e9 sur son propre circuit.<\/span>\r\n\r\n<span style=\"color: #999999\">Puissance de 6 kW \u00e0 24 KW suivant les mod\u00e8les.<\/span>\r\n\r\n<span style=\"color: #3366ff\"><strong>Caract\u00e9ristique technique\u00a0:<\/strong>\u00a0<strong>THERMASOL PRO SERIES 6000 \/ 9000 \/ 12000 \/ 18000 \/ 24000.<\/strong><\/span>\r\n\r\n<span style=\"color: #ff0000\"><strong>Fonctionnement automatique, silencieux et \u00e9conomique.<\/strong><\/span>\r\n\r\n<span style=\"color: #999999\">\u00b7\u00a0\u00a0\u00a0\u00a0\u00a0\u00a0\u00a0\u00a0 Contr\u00f4le par Microprocesseur.<\/span>\r\n\r\n<span style=\"color: #999999\">\u00b7\u00a0\u00a0\u00a0\u00a0\u00a0\u00a0\u00a0\u00a0<span style=\"color: #3366ff\"> <strong>G\u00e9n\u00e9rateur tr\u00e8s puissant (production de vapeur rapide et silencieux pour hammam)<\/strong><\/span><\/span>\r\n\r\n<span style=\"color: #999999\">\u00b7\u00a0\u00a0\u00a0\u00a0\u00a0\u00a0\u00a0\u00a0 Ecran de contr\u00f4le \u00e0 cristaux liquides.<\/span>\r\n\r\n<span style=\"color: #999999\">\u00b7\u00a0\u00a0\u00a0\u00a0\u00a0\u00a0\u00a0\u00a0 Fonctionne avec tous les types d'eau.<\/span>\r\n\r\n<span style=\"color: #999999\">\u00b7\u00a0\u00a0\u00a0\u00a0\u00a0\u00a0\u00a0\u00a0 Le g\u00e9n\u00e9rateur est livr\u00e9 avec 1 bo\u00eetier de contr\u00f4le, 1 buse vapeur, 1 flexible vapeur isol\u00e9 1 m\u00e8tre, 1 c\u00e2ble alpha de liaison, 1 sonde et un antitartre.<\/span>\r\n\r\n<span style=\"color: #999999\">\u00b7\u00a0\u00a0\u00a0\u00a0\u00a0\u00a0\u00a0\u00a0 Modes marche\/arr\u00eat et pause. (La fonction PAUSE permet r\u00e9aliser de substantielles \u00e9conomies d'\u00e9nergie)<\/span>\r\n\r\n<span style=\"color: #999999\">\u00b7\u00a0\u00a0\u00a0\u00a0\u00a0\u00a0\u00a0\u00a0 Arr\u00eat automatique \u00e0 la fin du temps programm\u00e9<\/span>\r\n\r\n<span style=\"color: #999999\">\u00b7\u00a0\u00a0\u00a0\u00a0\u00a0\u00a0\u00a0\u00a0 Une bo\u00eete de commande \u00e9tanche \u00e9lectronique avec un affichage digital pour contr\u00f4ler la temp\u00e9rature, r\u00e9gler la lumi\u00e8re et l'ar\u00f4me dans le hammam,la radio et le temps de fonctionnement arr\u00eat\/marche. Cette t\u00e9l\u00e9commande \u00e9lectronique peut \u00eatre install\u00e9e \u00e0 l'int\u00e9rieur ou \u00e0 l'ext\u00e9rieur du hammam (Fournie avec l'appareil).<\/span>\r\n\r\n<span style=\"color: #999999\">\u00b7\u00a0\u00a0\u00a0\u00a0\u00a0\u00a0\u00a0\u00a0 R\u00e9glage de la temp\u00e9rature du hammam entre 20 et 60\u00b0C.<\/span>\r\n\r\n<span style=\"color: #999999\">\u00b7\u00a0\u00a0\u00a0\u00a0\u00a0\u00a0\u00a0\u00a0 R\u00e9glage du fonctionnement entre 1 et 90 minutes puis arr\u00eat automatique.<\/span>\r\n\r\n<span style=\"color: #999999\">\u00b7\u00a0\u00a0\u00a0\u00a0\u00a0\u00a0\u00a0\u00a0 Vidange \u00a0automatique haute d\u00e9bit ,entretien plus rin\u00e7age automatique en fin de fonctionnement<\/span>\r\n\r\n<span style=\"color: #999999\">\u00b7\u00a0\u00a0\u00a0\u00a0\u00a0\u00a0\u00a0\u00a0 1 buse vapeur silencieuse.<\/span>\r\n\r\n<span style=\"color: #999999\">\u00b7\u00a0\u00a0\u00a0\u00a0\u00a0\u00a0\u00a0\u00a0 1 sonde plus 2 c\u00e2bles de liaison.<\/span>\r\n\r\n<span style=\"color: #999999\">\u00b7\u00a0\u00a0\u00a0\u00a0\u00a0\u00a0\u00a0\u00a0 Contr\u00f4le de niveau d'eau automatique.<\/span>\r\n\r\n<span style=\"color: #999999\">\u00b7\u00a0\u00a0\u00a0\u00a0\u00a0\u00a0\u00a0\u00a0 Remplissage d'eau automatique directement sur un robinet d'eau froide type lave linge.<\/span>\r\n\r\n<span style=\"color: #999999\">\u00b7\u00a0\u00a0\u00a0\u00a0\u00a0\u00a0\u00a0\u00a0 Electrovanne pour vidange d'eau automatique.<\/span>\r\n\r\n<span style=\"color: #999999\">\u00b7\u00a0\u00a0\u00a0\u00a0\u00a0\u00a0\u00a0\u00a0 <span style=\"color: #ff0000\"><strong>Entretien automatique<\/strong><\/span>\u00a0par vidange automatique + rin\u00e7age du g\u00e9n\u00e9rateur apr\u00e8s arr\u00eat de l'appareil.<\/span>\r\n\r\n<span style=\"color: #999999\">\u00b7\u00a0\u00a0\u00a0\u00a0\u00a0\u00a0\u00a0\u00a0 <span style=\"color: #ff0000\"><strong>Triple s\u00e9curit\u00e9 CE<\/strong><\/span>\u00a0: manque d'eau, surchauffe et surpression vapeur par soupape de s\u00e9curit\u00e9.<\/span>\r\n\r\n<span style=\"color: #999999\">\u00b7\u00a0\u00a0\u00a0\u00a0\u00a0\u00a0\u00a0\u00a0 Six \u00e9tages avec six r\u00e9sistances blind\u00e9es en inox s\u00e9par\u00e9es (max. de rendement et moins de consommation \u00e9lectrique).<\/span>\r\n\r\n<span style=\"color: #999999\">\u00b7\u00a0\u00a0\u00a0\u00a0\u00a0\u00a0\u00a0\u00a0<span style=\"color: #3366ff\"> <strong>Cuve et r\u00e9sistances de chauffage en acier INOX<\/strong>\u00a0<\/span>anticorrosion, recouvertes de t\u00e9flon.<\/span>\r\n\r\n<span style=\"color: #999999\">\u00b7\u00a0\u00a0\u00a0\u00a0\u00a0\u00a0\u00a0\u00a0 Carrosserie INOX .<\/span>\r\n\r\n<span style=\"color: #999999\">\u00b7\u00a0\u00a0\u00a0\u00a0\u00a0\u00a0\u00a0\u00a0 Partie \u00e9lectrique et \u00e9lectronique\u00a0 s\u00e9par\u00e9e d'eau.<\/span>\r\n\r\n<span style=\"color: #ff0000\"><strong>Dimension de g\u00e9n\u00e9rateur de vapeur de hammam<\/strong>:<\/span>\r\n\r\n<span style=\"color: #3366ff\"><strong>LARGEUR 187MM \/ HAUTEUR 455 MM \/ PROFONDEUR 483 MM \/ POIDS 18 KG.<\/strong><\/span>\r\n\r\n<span style=\"color: #ff0000\"><strong>NEW OPTION :<\/strong><\/span>\r\n\r\n<span style=\"color: #999999\"><strong>Economiser\u00a0 de l'\u00e9nergie\u00a0 au lieu d'allumer toute la journ\u00e9e gr\u00e2ce \u00e0\u00a0 un simple appuis sur un bouton de vapeur \u00e0 la demande.<\/strong><\/span>\r\n\r\n<span style=\"color: #ff0000\"><strong>Options :<\/strong><\/span>\r\n\r\n<span style=\"color: #999999\">N\u00e9cessite un traitement d'eau avec un adoucisseur si l'eau est dure<\/span>\r\n\r\n<span style=\"color: #999999\">\u00b7\u00a0\u00a0\u00a0\u00a0\u00a0\u00a0\u00a0\u00a0 Pompe pour essence naturelle: pour une diffusion automatique de senteurs dans le hammam<\/span>\r\n\r\n<span style=\"color: #999999\">\u00b7\u00a0\u00a0\u00a0\u00a0\u00a0\u00a0\u00a0\u00a0 Radio<\/span>\r\n\r\n<span style=\"color: #ff0000\"><strong>Caract\u00e9ristiques techniques de la commande du g\u00e9n\u00e9rateur de vapeur\u00a0 professionnel THERMASOL SERIES<\/strong><\/span>\r\n\r\n\u00b7\u00a0\u00a0\u00a0\u00a0\u00a0\u00a0\u00a0\u00a0 commande \u00e9lectronique avec un affichage digital lumineux\r\n\r\n\u00b7\u00a0\u00a0\u00a0\u00a0\u00a0\u00a0\u00a0\u00a0 La commande\u00a0 peut s'encastrer \u00e0 l'int\u00e9rieur ou \u00e0 l'ext\u00e9rieur du local du hammam\r\n\r\n<span style=\"color: #ff0000\"><strong>Cette commande a plusieurs fonctions:<\/strong><\/span>\r\n\r\n\u00b7\u00a0\u00a0\u00a0\u00a0\u00a0\u00a0\u00a0\u00a0 La mise en marche et l'arr\u00eat de l'appareil\r\n\r\n\u00b7\u00a0\u00a0\u00a0\u00a0\u00a0\u00a0\u00a0\u00a0 Le r\u00e9glage de la temp\u00e9rature du local hammam entre 30 et 60\u00b0C par 2 touches haut et bas\r\n\r\n\u00b7\u00a0\u00a0\u00a0\u00a0\u00a0\u00a0\u00a0\u00a0 La commande possible de l'\u00e9clairage du local hammam (si raccord\u00e9) par touche sp\u00e9cifique et de l'injection d'ar\u00f4me (option)\r\n\r\n\u00b7\u00a0\u00a0\u00a0\u00a0\u00a0\u00a0\u00a0\u00a0 L'affichage de la temp\u00e9rature ambiante en \u00b0C\r\n\r\n\u00b7\u00a0\u00a0\u00a0\u00a0\u00a0\u00a0\u00a0\u00a0 Le r\u00e9glage du temps de fonctionnement r\u00e9glable entre 20 et 90 minutes puis arr\u00eat automatique ou fonctionnement en contunuit\u00e9.\r\n\r\n\u00b7\u00a0\u00a0\u00a0\u00a0\u00a0\u00a0\u00a0\u00a0 L'affichage du temps de fonctionnement restant\r\n\r\n<span style=\"color: #ff0000\"><strong>Tableau de sp\u00e9cifications<\/strong><\/span>\r\n\r\nCapacit\u00e9 pour information donn\u00e9e mais varient en fonction de la taille de hammam\r\n\r\n<span style=\"color: #3366ff\"><strong>Les produits sont aux normes \"CE\"<\/strong><\/span>\r\n\r\nHomologu\u00e9e ukas quality management, ISO 9001 r\u00e9pond \u00e0 des processus de fabrication et des crit\u00e8res de qualit\u00e9 tr\u00e8s pr\u00e9cis.\r\nLa qualit\u00e9 de fabrication de nos produits a \u00e9t\u00e9 reconnue par l'organisme ukas quality management, v\u00e9ritable r\u00e9f\u00e9rence en Europe en mati\u00e8re de certification qualit\u00e9.\r\n\r\n<span style=\"color: #ff0000\"><strong>Puissances possibles:<\/strong><\/span>\r\n<table>\r\n<tbody>\r\n<tr>\r\n<td width=\"116\"><strong>MODELE<\/strong><\/td>\r\n<td width=\"276\"><strong>Alimentation \u00e9lectrique<\/strong><\/td>\r\n<td width=\"97\"><strong>Puissance<\/strong>\r\n<strong>\u00e9lectrique<\/strong>\r\n<strong>(kW)<\/strong><\/td>\r\n<td width=\"135\"><strong>Volume maxi du<\/strong>\r\n<strong>hammam<\/strong>\r\n<strong>(m\u00b3)<\/strong><\/td>\r\n<td width=\"135\"><strong>Nombre de buse vapeur<\/strong><\/td>\r\n<td width=\"135\"><strong>PHOTO<\/strong><\/td>\r\n<td width=\"135\"><strong>PROMOTION<\/strong><\/td>\r\n<\/tr>\r\n<tr>\r\n<td width=\"116\"><strong>SERIES 6000<\/strong><\/td>\r\n<td width=\"276\"><strong>230 V (3Ph + N) ou 400 V (3Ph + N)<\/strong><\/td>\r\n<td width=\"97\"><strong>6<\/strong><\/td>\r\n<td width=\"135\"><strong>3 \u00e0 5<\/strong><\/td>\r\n<td width=\"135\"><strong>1<\/strong><\/td>\r\n<td width=\"135\"><\/td>\r\n<td width=\"135\"><\/td>\r\n<\/tr>\r\n<tr>\r\n<td width=\"116\"><\/td>\r\n<td width=\"276\"><\/td>\r\n<td width=\"97\"><\/td>\r\n<td width=\"135\"><\/td>\r\n<td width=\"135\"><\/td>\r\n<td width=\"135\"><\/td>\r\n<td width=\"135\"><\/td>\r\n<\/tr>\r\n<tr>\r\n<td width=\"116\"><strong>SERIES 9000<\/strong><\/td>\r\n<td width=\"276\"><strong>230 V (3Ph + N) ou 400 V (3Ph + N)<\/strong><\/td>\r\n<td width=\"97\"><strong>9<\/strong><\/td>\r\n<td width=\"135\"><strong>5\u00e0 9<\/strong><\/td>\r\n<td width=\"135\"><strong>1<\/strong><\/td>\r\n<td width=\"135\"><\/td>\r\n<td width=\"135\"><\/td>\r\n<\/tr>\r\n<tr>\r\n<td width=\"116\"><\/td>\r\n<td width=\"276\"><\/td>\r\n<td width=\"97\"><\/td>\r\n<td width=\"135\"><\/td>\r\n<td width=\"135\"><\/td>\r\n<td width=\"135\"><\/td>\r\n<td width=\"135\"><\/td>\r\n<\/tr>\r\n<tr>\r\n<td width=\"116\"><strong>SERIES12000<\/strong><\/td>\r\n<td width=\"276\"><strong>230 V (3Ph + N) ou 400 V (3Ph + N)<\/strong><\/td>\r\n<td width=\"97\"><strong>12<\/strong><\/td>\r\n<td width=\"135\"><strong>9 \u00e0 15<\/strong><\/td>\r\n<td width=\"135\"><strong>1<\/strong><\/td>\r\n<td width=\"135\"><\/td>\r\n<td width=\"135\"><\/td>\r\n<\/tr>\r\n<tr>\r\n<td width=\"116\"><\/td>\r\n<td width=\"276\"><\/td>\r\n<td width=\"97\"><\/td>\r\n<td width=\"135\"><\/td>\r\n<td width=\"135\"><\/td>\r\n<td width=\"135\"><\/td>\r\n<td width=\"135\"><\/td>\r\n<\/tr>\r\n<tr>\r\n<td width=\"116\"><strong>SERIES 18000<\/strong><\/td>\r\n<td width=\"276\"><strong>230 V (3Ph + N) ou 400 V (3Ph + N)<\/strong><\/td>\r\n<td width=\"97\"><strong>18<\/strong><\/td>\r\n<td width=\"135\"><strong>15 \u00e0 19<\/strong><\/td>\r\n<td width=\"135\"><strong>2<\/strong><\/td>\r\n<td width=\"135\"><\/td>\r\n<td width=\"135\"><\/td>\r\n<\/tr>\r\n<tr>\r\n<td width=\"116\"><\/td>\r\n<td width=\"276\"><\/td>\r\n<td width=\"97\"><\/td>\r\n<td width=\"135\"><\/td>\r\n<td width=\"135\"><\/td>\r\n<td width=\"135\"><\/td>\r\n<td width=\"135\"><\/td>\r\n<\/tr>\r\n<tr>\r\n<td width=\"116\"><strong>SERIES 24000<\/strong><\/td>\r\n<td width=\"276\"><strong>230 V (3Ph + N) ou 400 V (3Ph + N)<\/strong><\/td>\r\n<td width=\"97\"><strong>24<\/strong><\/td>\r\n<td width=\"135\"><strong>19 \u00e0 32<\/strong><\/td>\r\n<td width=\"135\"><strong>2<\/strong><\/td>\r\n<td width=\"135\"><\/td>\r\n<td width=\"135\"><\/td>\r\n<\/tr>\r\n<\/tbody>\r\n<\/table>\r\n<strong>LISTE DE PRIX<\/strong>\r\n\r\n<span style=\"color: #3366ff\"><strong>Offre valable jusqu'au 31 janvier 2023<\/strong><\/span>\r\n\r\n<span style=\"color: #ff0000\"><strong>2 bidons offerts\u00a0 d'huiles essentielles \u00ab\u00a0 brume de hammam AMORA\u00a0\u00bbEUCALYPTUS \/ MENTHE<\/strong><\/span>\r\n<table>\r\n<tbody>\r\n<tr>\r\n<td width=\"411\"><strong>G\u00e9n\u00e9rateur de vapeur PRO SERIES\u00a0\u00a0 6000<\/strong><\/td>\r\n<td width=\"92\"><strong>1179 \u20ac<\/strong><\/td>\r\n<td width=\"92\"><strong><span style=\"text-decoration: line-through\">1279<\/span><\/strong><strong>\u00a0\u20ac<\/strong><\/td>\r\n<\/tr>\r\n<tr>\r\n<td width=\"411\"><strong>G\u00e9n\u00e9rateur de vapeur PRO SERIES\u00a0\u00a0 9000<\/strong><\/td>\r\n<td width=\"92\"><strong>1280 \u20ac<\/strong><\/td>\r\n<td width=\"92\"><strong><span style=\"text-decoration: line-through\">1485<\/span><\/strong><strong>\u00a0\u20ac<\/strong><\/td>\r\n<\/tr>\r\n<tr>\r\n<td width=\"411\"><strong>G\u00e9n\u00e9rateur de vapeur PRO SERIES\u00a0\u00a0 12000<\/strong><\/td>\r\n<td width=\"92\"><strong>1550 \u20ac<\/strong><\/td>\r\n<td width=\"92\"><strong><span style=\"text-decoration: line-through\">1750<\/span><\/strong><strong>\u00a0\u20ac<\/strong><\/td>\r\n<\/tr>\r\n<tr>\r\n<td width=\"411\"><strong>G\u00e9n\u00e9rateur de vapeur PRO SERIES\u00a0\u00a0 18000<\/strong><\/td>\r\n<td width=\"92\"><strong>1750 \u20ac<\/strong><\/td>\r\n<td width=\"92\"><strong><span style=\"text-decoration: line-through\">1950<\/span><\/strong><strong>\u00a0\u20ac<\/strong><\/td>\r\n<\/tr>\r\n<tr>\r\n<td width=\"411\"><strong>G\u00e9n\u00e9rateur de vapeur PRO SERIES\u00a0\u00a0 24000<\/strong><\/td>\r\n<td width=\"92\"><strong>1945 \u20ac<\/strong><\/td>\r\n<td width=\"92\"><strong><span style=\"text-decoration: line-through\">2145<\/span><\/strong><strong>\u00a0\u20ac<\/strong><\/td>\r\n<\/tr>\r\n<\/tbody>\r\n<\/table>\r\n<\/td>\r\n<\/tr>\r\n<\/tbody>\r\n<\/table>","_et_gb_content_width":""},"product_cat":[32],"product_tag":[],"class_list":{"0":"post-368567","1":"product","2":"type-product","3":"status-publish","4":"has-post-thumbnail","6":"product_cat-non-classe","8":"first","9":"instock","10":"sale","11":"taxable","12":"shipping-taxable","13":"purchasable","14":"product-type-simple"},"_links":{"self":[{"href":"https:\/\/www.sanilux.be\/test%2001\/index.php?rest_route=\/wp\/v2\/product\/368567","targetHints":{"allow":["GET"]}}],"collection":[{"href":"https:\/\/www.sanilux.be\/test%2001\/index.php?rest_route=\/wp\/v2\/product"}],"about":[{"href":"https:\/\/www.sanilux.be\/test%2001\/index.php?rest_route=\/wp\/v2\/types\/product"}],"replies":[{"embeddable":true,"href":"https:\/\/www.sanilux.be\/test%2001\/index.php?rest_route=%2Fwp%2Fv2%2Fcomments&post=368567"}],"wp:featuredmedia":[{"embeddable":true,"href":"https:\/\/www.sanilux.be\/test%2001\/index.php?rest_route=\/wp\/v2\/media\/368533"}],"wp:attachment":[{"href":"https:\/\/www.sanilux.be\/test%2001\/index.php?rest_route=%2Fwp%2Fv2%2Fmedia&parent=368567"}],"wp:term":[{"taxonomy":"product_cat","embeddable":true,"href":"https:\/\/www.sanilux.be\/test%2001\/index.php?rest_route=%2Fwp%2Fv2%2Fproduct_cat&post=368567"},{"taxonomy":"product_tag","embeddable":true,"href":"https:\/\/www.sanilux.be\/test%2001\/index.php?rest_route=%2Fwp%2Fv2%2Fproduct_tag&post=368567"}],"curies":[{"name":"wp","href":"https:\/\/api.w.org\/{rel}","templated":true}]}}